{"id":545,"date":"2022-04-26T11:09:20","date_gmt":"2022-04-26T11:09:20","guid":{"rendered":"https:\/\/www.atm.helsinki.fi\/abs\/?page_id=545"},"modified":"2026-03-30T15:02:47","modified_gmt":"2026-03-30T15:02:47","slug":"contact","status":"publish","type":"page","link":"https:\/\/www.atm.helsinki.fi\/abs\/index.php\/contact\/","title":{"rendered":"Contacts"},"content":{"rendered":"\n<div class=\"wp-block-cover alignfull\" style=\"min-height:420px;aspect-ratio:unset;\"><span aria-hidden=\"true\" class=\"wp-block-cover__background has-nv-site-bg-background-color has-background-dim-100 has-background-dim\"><\/span><div class=\"wp-block-cover__inner-container is-layout-flow wp-block-cover-is-layout-flow\">\n<div style=\"height:80px\" aria-hidden=\"true\" class=\"wp-block-spacer\"><\/div>\n\n\n\n<h2 class=\"wp-block-heading has-neve-text-color-color has-text-color\" style=\"font-style:normal;font-weight:500\">Coordinating Office<\/h2>\n\n\n\n<div class=\"wp-block-columns has-nv-light-bg-background-color has-background is-layout-flex wp-container-core-columns-is-layout-9d6595d7 wp-block-columns-is-layout-flex\">\n<div class=\"wp-block-column is-layout-flow wp-block-column-is-layout-flow\" style=\"flex-basis:42.43%\">\n<p class=\"has-neve-text-color-color has-nv-light-bg-background-color has-text-color has-background\"><strong>ABS Coordinating Office<\/strong>, Helsinki University, Institute for Atmospheric and Earth System Research, INAR, P.O.Box 64, FI-00014 University of Helsinki, Finland.<\/p>\n<\/div>\n\n\n\n<div class=\"wp-block-column is-layout-flow wp-block-column-is-layout-flow\" style=\"flex-basis:24.24%\">\n<p class=\"has-neve-text-color-color has-nv-light-bg-background-color has-text-color has-background\"><strong>Katja Lauri<\/strong>, ABS Network Coordinator, Research Director<\/p>\n<\/div>\n\n\n\n<div class=\"wp-block-column is-layout-flow wp-block-column-is-layout-flow\" style=\"flex-basis:28%\">\n<div style=\"height:20px\" aria-hidden=\"true\" class=\"wp-block-spacer\"><\/div>\n\n\n<div class=\"wp-block-image\">\n<figure class=\"aligncenter size-full is-resized\"><img loading=\"lazy\" decoding=\"async\" width=\"200\" height=\"200\" src=\"https:\/\/www.atm.helsinki.fi\/abs\/wp-content\/uploads\/2022\/04\/icon-06-copy.png\" alt=\"\" class=\"wp-image-1703\" style=\"width:35px\" srcset=\"https:\/\/www.atm.helsinki.fi\/abs\/wp-content\/uploads\/2022\/04\/icon-06-copy.png 200w, https:\/\/www.atm.helsinki.fi\/abs\/wp-content\/uploads\/2022\/04\/icon-06-copy-150x150.png 150w\" sizes=\"auto, (max-width: 200px) 100vw, 200px\" \/><\/figure>\n<\/div>\n\n\n<div style=\"height:5px\" aria-hidden=\"true\" class=\"wp-block-spacer\"><\/div>\n\n\n\n<p class=\"has-text-align-center has-neve-link-color-color has-text-color has-link-color wp-elements-aacab476b10848767d71ffcb00e30269\">katja.lauri@helsinki.fi<\/p>\n\n\n<div class=\"wp-block-image\">\n<figure class=\"aligncenter size-full is-resized\"><img loading=\"lazy\" decoding=\"async\" width=\"200\" height=\"200\" src=\"https:\/\/www.atm.helsinki.fi\/abs\/wp-content\/uploads\/2026\/03\/icon-05-copy.png\" alt=\"\" class=\"wp-image-1701\" style=\"width:35px\" srcset=\"https:\/\/www.atm.helsinki.fi\/abs\/wp-content\/uploads\/2026\/03\/icon-05-copy.png 200w, https:\/\/www.atm.helsinki.fi\/abs\/wp-content\/uploads\/2026\/03\/icon-05-copy-150x150.png 150w\" sizes=\"auto, (max-width: 200px) 100vw, 200px\" \/><\/figure>\n<\/div>\n\n\n<div style=\"height:5px\" aria-hidden=\"true\" class=\"wp-block-spacer\"><\/div>\n\n\n\n<div class=\"wp-block-group\"><div class=\"wp-block-group__inner-container is-layout-flow wp-block-group-is-layout-flow\">\n<p class=\"has-text-align-center has-neve-text-color-color has-text-color\">+358 2941 50718 | EET<\/p>\n<\/div><\/div>\n<\/div>\n<\/div>\n<\/div><\/div>\n\n\n\n<div class=\"wp-block-cover alignfull\"><span aria-hidden=\"true\" class=\"wp-block-cover__background has-nv-site-bg-background-color has-background-dim-100 has-background-dim\"><\/span><div class=\"wp-block-cover__inner-container is-layout-flow wp-block-cover-is-layout-flow\">\n<h2 class=\"wp-block-heading has-text-align-left has-neve-link-color-color has-text-color\" style=\"font-style:normal;font-weight:500\"> <br>ABS Network Universities &amp; Contacts<\/h2>\n\n\n\n<p class=\"has-neve-link-color-color has-text-color\">ABS network universities cooperate on education and mobility, offering a number of courses on atmospheric-biospheric studies as part of their curricula, embedded in ABS Education. The ABS universities also collaborate closely with the ABS Coordinating Office on student and teacher grants. Find below the ABS network universities and contacts.<\/p>\n\n\n\n<h3 class=\"wp-block-heading has-neve-link-color-color has-text-color\">Join the ABS Network?<\/h3>\n\n\n\n<p class=\"has-neve-link-color-color has-text-color\">Does your university offer environmental education on Athmospheric-Biospheric Studies, Climate Change, or any of the related fields, in the Nordics and Baltics? You may contact the existing ABS network universities and Coordinating Office. We are happy to widen our network!<\/p>\n<\/div><\/div>\n\n\n\n<div class=\"wp-block-cover alignwide\"><span aria-hidden=\"true\" class=\"wp-block-cover__background has-nv-site-bg-background-color has-background-dim\"><\/span><div class=\"wp-block-cover__inner-container is-layout-flow wp-block-cover-is-layout-flow\">\n<figure class=\"wp-block-table alignleft is-style-stripes\"><table class=\"has-neve-text-color-color has-text-color\"><thead><tr><th><\/th><th class=\"has-text-align-left\" data-align=\"left\">ABS NETWORK UNIVERSITY<\/th><th class=\"has-text-align-center\" data-align=\"center\">CONTACT<\/th><\/tr><\/thead><tbody><tr><td><img loading=\"lazy\" decoding=\"async\" width=\"70\" height=\"53\" class=\"wp-image-1697\" style=\"width: 70px;\" src=\"https:\/\/www.atm.helsinki.fi\/abs\/wp-content\/uploads\/2026\/03\/dk-copy.jpg\" alt=\"\"><\/td><td class=\"has-text-align-left\" data-align=\"left\"><strong>Aarhus University<\/strong><br>Faculty of Technical Science<\/td><td class=\"has-text-align-center\" data-align=\"center\">Lise Lotte S\u00f8rensen<br><a href=\"mailto:lls@envs.au.dk\">lls@envs.au.dk<\/a><\/td><\/tr><tr><td><img loading=\"lazy\" decoding=\"async\" width=\"70\" height=\"53\" class=\"wp-image-1697\" style=\"width: 70px;\" src=\"https:\/\/www.atm.helsinki.fi\/abs\/wp-content\/uploads\/2026\/03\/dk-copy.jpg\" alt=\"\"><\/td><td class=\"has-text-align-left\" data-align=\"left\"><strong>Technical University of Denmark<\/strong><br>Department of Environmental and Resource Engineering<\/td><td class=\"has-text-align-center\" data-align=\"center\">Teis Mikkelsen<br><a href=\"mailto:temi@dtu.dk\" target=\"_blank\" rel=\"noreferrer noopener\">temi@dtu.dk<\/a><\/td><\/tr><tr><td><img loading=\"lazy\" decoding=\"async\" width=\"70\" height=\"50\" class=\"wp-image-356\" style=\"width: 70px;\" src=\"https:\/\/www.atm.helsinki.fi\/abs\/wp-content\/uploads\/2022\/04\/denmark-flag-211x152-c-default.jpg\" alt=\"Flag of Denmark\"><\/td><td class=\"has-text-align-left\" data-align=\"left\"><strong>University of Copenhagen<\/strong><br>Department of Chemistry<\/td><td class=\"has-text-align-center\" data-align=\"center\">Matthew S. Johnson<br><a href=\"mailto:ojn@chem.ku.dk\">msj@chem.ku.dk<\/a><\/td><\/tr><tr><td><img loading=\"lazy\" decoding=\"async\" width=\"70\" height=\"53\" class=\"wp-image-1696\" style=\"width: 70px;\" src=\"https:\/\/www.atm.helsinki.fi\/abs\/wp-content\/uploads\/2026\/03\/ee-copy.jpg\" alt=\"\"><\/td><td><strong>Estonian University of Life Sciences<\/strong><br>Institute of Forestry and Engineering<\/td><td class=\"has-text-align-center\" data-align=\"center\">Steffen Noe<br><a href=\"mailto:steffen.noe@emu.ee\">stef<\/a><a href=\"mailto:fen.noe@emu.ee\">fen.noe@emu.ee<\/a><\/td><\/tr><tr><td><img loading=\"lazy\" decoding=\"async\" width=\"70\" height=\"53\" class=\"wp-image-1696\" style=\"width: 70px;\" src=\"https:\/\/www.atm.helsinki.fi\/abs\/wp-content\/uploads\/2026\/03\/ee-copy.jpg\" alt=\"\"><\/td><td><strong>University of Tartu<\/strong><br>Institute of Physics<\/td><td class=\"has-text-align-center\" data-align=\"center\">Heikki Junninen<br><a href=\"mailto:heikki.junninen@ut.ee\">heikki.junninen@ut.ee<\/a><\/td><\/tr><tr><td><img loading=\"lazy\" decoding=\"async\" width=\"70\" height=\"53\" class=\"wp-image-1698\" style=\"width: 70px;\" src=\"https:\/\/www.atm.helsinki.fi\/abs\/wp-content\/uploads\/2026\/03\/fo-copy.jpg\" alt=\"\"><\/td><td class=\"has-text-align-left\" data-align=\"left\"><strong>University of the Faroe Islands<\/strong><br>Faculty of Science and Technology<\/td><td class=\"has-text-align-center\" data-align=\"center\">Sigurd Christiansen<br><a href=\"mailto:sigurdc@setur.fo\">sigurdc@setur.fo<\/a><\/td><\/tr><tr><td><img loading=\"lazy\" decoding=\"async\" width=\"70\" height=\"53\" class=\"wp-image-1695\" style=\"width: 70px;\" src=\"https:\/\/www.atm.helsinki.fi\/abs\/wp-content\/uploads\/2026\/03\/fi-copy.jpg\" alt=\"\"><\/td><td><strong>University of Eastern Finland<\/strong><br>Department of Technical Physics<\/td><td class=\"has-text-align-center\" data-align=\"center\">Iida Pullinen<br><a href=\"mailto:iida.pullinen@uef.fi\" data-type=\"mailto\" data-id=\"mailto:iida.pullinen@uef.fi\">iida.pullinen@uef.fi<\/a><\/td><\/tr><tr><td><img loading=\"lazy\" decoding=\"async\" width=\"70\" height=\"53\" class=\"wp-image-1695\" style=\"width: 70px;\" src=\"https:\/\/www.atm.helsinki.fi\/abs\/wp-content\/uploads\/2026\/03\/fi-copy.jpg\" alt=\"\"><\/td><td><strong>University of Helsinki<\/strong><br>Institute for Atmospheric and Earth System Research<\/td><td class=\"has-text-align-center\" data-align=\"center\">Katja Lauri<br><a href=\"mailto:katja.lauri@helsinki.fi\">katja.lauri@helsinki.fi<\/a><\/td><\/tr><tr><td><img loading=\"lazy\" decoding=\"async\" width=\"70\" height=\"53\" class=\"wp-image-1695\" style=\"width: 70px;\" src=\"https:\/\/www.atm.helsinki.fi\/abs\/wp-content\/uploads\/2026\/03\/fi-copy.jpg\" alt=\"\"><\/td><td><strong>University of Oulu<\/strong><br>Faculty of Science<\/td><td class=\"has-text-align-center\" data-align=\"center\">Jussi Malila<br><a href=\"mailto:jussi.malila@oulu.fi\">jussi.malila@oulu.fi<\/a><\/td><\/tr><tr><td><img loading=\"lazy\" decoding=\"async\" width=\"70\" height=\"53\" class=\"wp-image-1695\" style=\"width: 70px;\" src=\"https:\/\/www.atm.helsinki.fi\/abs\/wp-content\/uploads\/2026\/03\/fi-copy.jpg\" alt=\"\"><\/td><td class=\"has-text-align-left\" data-align=\"left\"><strong>University of the Arts Helsinki<\/strong><br>Theatre Academy<\/td><td class=\"has-text-align-center\" data-align=\"center\">Siiri-Maija Heino<br><a href=\"mailto:siiri-maija.heino@uniarts.fi\">siiri-maija.heino@uniarts.fi<\/a><\/td><\/tr><tr><td><img loading=\"lazy\" decoding=\"async\" width=\"70\" height=\"53\" class=\"wp-image-1694\" style=\"width: 70px;\" src=\"https:\/\/www.atm.helsinki.fi\/abs\/wp-content\/uploads\/2026\/03\/gl-copy.jpg\" alt=\"\"><\/td><td><strong>University of Greenland<\/strong><br>Ilisimatusarfik<\/td><td class=\"has-text-align-center\" data-align=\"center\">Pelle Tejsner<br><a href=\"mailto:alha@uni.gl\">pete@uni.gl<\/a><\/td><\/tr><tr><td><img loading=\"lazy\" decoding=\"async\" width=\"73\" height=\"53\" class=\"wp-image-1691\" style=\"width: 73px;\" src=\"https:\/\/www.atm.helsinki.fi\/abs\/wp-content\/uploads\/2026\/03\/is-copy.jpg\" alt=\"\"><\/td><td><strong>Agricultural University of Iceland<\/strong><br>Faculty of Environmental and Agricultural Sciences<\/td><td class=\"has-text-align-center\" data-align=\"center\">Bjarni Sigurdsson<br><a href=\"mailto:bjarni@lbhi.is\">bjarni@lbhi.is<\/a><\/td><\/tr><tr><td><img loading=\"lazy\" decoding=\"async\" width=\"73\" height=\"53\" class=\"wp-image-1691\" style=\"width: 73px;\" src=\"https:\/\/www.atm.helsinki.fi\/abs\/wp-content\/uploads\/2026\/03\/is-copy.jpg\" alt=\"\"><\/td><td><strong>University of Iceland<\/strong><br>Faculty of Earth Sciences<\/td><td class=\"has-text-align-center\" data-align=\"center\">Ingibj\u00f6rg J\u00f3nsd\u00f3ttir<br><a href=\"mailto:ij@hi.is\">ij@hi.is<\/a><\/td><\/tr><tr><td><img loading=\"lazy\" decoding=\"async\" width=\"70\" height=\"53\" class=\"wp-image-1693\" style=\"width: 70px;\" src=\"https:\/\/www.atm.helsinki.fi\/abs\/wp-content\/uploads\/2026\/03\/no-copy.jpg\" alt=\"\"><\/td><td><strong>UiT The Arctic University<\/strong> <strong>of Norway<\/strong><br>Institute of Arctic and Marine Biology<\/td><td class=\"has-text-align-center\" data-align=\"center\">Ann Eileen Lennert<br><a href=\"mailto:ann.e.lennert@uit.no\">ann.e.lennert@uit.no<\/a><\/td><\/tr><tr><td><img loading=\"lazy\" decoding=\"async\" width=\"70\" height=\"53\" class=\"wp-image-1693\" style=\"width: 70px;\" src=\"https:\/\/www.atm.helsinki.fi\/abs\/wp-content\/uploads\/2026\/03\/no-copy.jpg\" alt=\"\"><\/td><td><strong>University of<\/strong> <strong>Oslo<\/strong><br>CICERO<\/td><td class=\"has-text-align-center\" data-align=\"center\">Maria Sand<br><a href=\"mailto:maria.sand@cicero.oslo.no\">maria.sand@cicero.oslo.no<\/a><br><\/td><\/tr><tr><td><img loading=\"lazy\" decoding=\"async\" width=\"70\" height=\"53\" class=\"wp-image-1692\" style=\"width: 70px;\" src=\"https:\/\/www.atm.helsinki.fi\/abs\/wp-content\/uploads\/2026\/03\/se-copy.jpg\" alt=\"\"><\/td><td><strong>Stockholm University<\/strong><br>Department of Analytical Chemistry and Environmental Science<\/td><td class=\"has-text-align-center\" data-align=\"center\">Paul Glantz<br><a href=\"mailto:paul.glantz@aces.su.se\">paul.glantz@aces.su.se<\/a><\/td><\/tr><tr><td><img loading=\"lazy\" decoding=\"async\" width=\"70\" height=\"53\" class=\"wp-image-1692\" style=\"width: 70px;\" src=\"https:\/\/www.atm.helsinki.fi\/abs\/wp-content\/uploads\/2026\/03\/se-copy.jpg\" alt=\"\"><\/td><td><strong>University of <strong>Gothenburg<\/strong><\/strong><br>Department of Chemistry and Molecular Biology<\/td><td class=\"has-text-align-center\" data-align=\"center\">Xiangrui Kong<br><a href=\"mailto:johan.boman@chem.gu.se\">xiangrui.kong@chem.gu.se<\/a><\/td><\/tr><tr><td><img loading=\"lazy\" decoding=\"async\" width=\"70\" height=\"53\" class=\"wp-image-1692\" style=\"width: 70px;\" src=\"https:\/\/www.atm.helsinki.fi\/abs\/wp-content\/uploads\/2026\/03\/se-copy.jpg\" alt=\"\"><\/td><td><strong>Lund University<\/strong><br>Department of Earth and Environmental Sciences<\/td><td class=\"has-text-align-center\" data-align=\"center\">Harry Lankreijer<br><a href=\"mailto:harry.lankreijer@nateko.lu.se\">harry<\/a><a href=\"mailto:.lankreijer@nateko.lu.se\">.lankreijer@nateko.lu.se<\/a><\/td><\/tr><\/tbody><\/table><\/figure>\n<\/div><\/div>\n\n\n\n<div class=\"wp-block-cover alignfull\" style=\"min-height:600px;aspect-ratio:unset;\"><span aria-hidden=\"true\" class=\"wp-block-cover__background has-nv-site-bg-background-color has-background-dim-100 has-background-dim\"><\/span><div class=\"wp-block-cover__inner-container is-layout-flow wp-block-cover-is-layout-flow\">\n<div class=\"wp-block-group\"><div class=\"wp-block-group__inner-container is-layout-flow wp-block-group-is-layout-flow\">\n<div style=\"height:10px\" aria-hidden=\"true\" class=\"wp-block-spacer\"><\/div>\n\n\n\n<h2 class=\"wp-block-heading has-neve-text-color-color has-text-color\" style=\"font-style:normal;font-weight:500\">ABS Partners<\/h2>\n\n\n\n<div class=\"wp-block-columns is-layout-flex wp-container-core-columns-is-layout-9d6595d7 wp-block-columns-is-layout-flex\">\n<div class=\"wp-block-column is-vertically-aligned-center is-layout-flow wp-block-column-is-layout-flow\" style=\"flex-basis:50%\">\n<p class=\"has-neve-text-color-color has-text-color\">The ABS network cooperates closely with the partners EnCHil, University of the Arctic, Climate University, and Climate Competence. <\/p>\n\n\n\n<h3 class=\"wp-block-heading has-neve-text-color-color has-text-color\">Join the ABS Partners?<\/h3>\n\n\n\n<p class=\"has-neve-text-color-color has-text-color\">Are you a Nordic-Baltic actor in environmental education, wanting to enlarge your sphere of activities and collaboration? Do contact the individual ABS network universities or the ABS Coordinating Office. We are happy to learn more about you!<\/p>\n<\/div>\n\n\n\n<div class=\"wp-block-column is-vertically-aligned-center has-nv-light-bg-background-color has-background is-layout-flow wp-block-column-is-layout-flow\" style=\"flex-basis:50%\">\n<ul class=\"wp-block-list\">\n<li><a href=\"https:\/\/enchil.net\/\" target=\"_blank\" rel=\"noreferrer noopener\">Environmental Changes at Higher Latitudes (EnCHiL)<\/a><\/li>\n\n\n\n<li><a href=\"https:\/\/www.uarctic.org\/\" target=\"_blank\" rel=\"noreferrer noopener\">University of the Arctic (UArctic)<\/a> <\/li>\n\n\n\n<li><a href=\"https:\/\/climateuniversity.fi\/\" target=\"_blank\" rel=\"noreferrer noopener\">Climate University<\/a><\/li>\n\n\n\n<li><a href=\"https:\/\/blogs.helsinki.fi\/climatecompetencies\/\" target=\"_blank\" rel=\"noreferrer noopener\">Climate Competence<\/a><\/li>\n<\/ul>\n<\/div>\n<\/div>\n\n\n\n<div style=\"height:40px\" aria-hidden=\"true\" class=\"wp-block-spacer\"><\/div>\n<\/div><\/div>\n<\/div><\/div>\n\n\n\n<p><\/p>\n","protected":false},"excerpt":{"rendered":"","protected":false},"author":1,"featured_media":0,"parent":0,"menu_order":0,"comment_status":"closed","ping_status":"closed","template":"","meta":{"neve_meta_sidebar":"","neve_meta_container":"contained","neve_meta_enable_content_width":"on","neve_meta_content_width":90,"neve_meta_title_alignment":"","neve_meta_author_avatar":"","neve_post_elements_order":"","neve_meta_disable_header":"","neve_meta_disable_footer":"","neve_meta_disable_title":"on","footnotes":""},"class_list":["post-545","page","type-page","status-publish","hentry"],"_links":{"self":[{"href":"https:\/\/www.atm.helsinki.fi\/abs\/index.php\/wp-json\/wp\/v2\/pages\/545","targetHints":{"allow":["GET"]}}],"collection":[{"href":"https:\/\/www.atm.helsinki.fi\/abs\/index.php\/wp-json\/wp\/v2\/pages"}],"about":[{"href":"https:\/\/www.atm.helsinki.fi\/abs\/index.php\/wp-json\/wp\/v2\/types\/page"}],"author":[{"embeddable":true,"href":"https:\/\/www.atm.helsinki.fi\/abs\/index.php\/wp-json\/wp\/v2\/users\/1"}],"replies":[{"embeddable":true,"href":"https:\/\/www.atm.helsinki.fi\/abs\/index.php\/wp-json\/wp\/v2\/comments?post=545"}],"version-history":[{"count":62,"href":"https:\/\/www.atm.helsinki.fi\/abs\/index.php\/wp-json\/wp\/v2\/pages\/545\/revisions"}],"predecessor-version":[{"id":1729,"href":"https:\/\/www.atm.helsinki.fi\/abs\/index.php\/wp-json\/wp\/v2\/pages\/545\/revisions\/1729"}],"wp:attachment":[{"href":"https:\/\/www.atm.helsinki.fi\/abs\/index.php\/wp-json\/wp\/v2\/media?parent=545"}],"curies":[{"name":"wp","href":"https:\/\/api.w.org\/{rel}","templated":true}]}}