{"id":44,"date":"2022-02-08T13:20:57","date_gmt":"2022-02-08T13:20:57","guid":{"rendered":"https:\/\/www.atm.helsinki.fi\/forclimate\/?page_id=44"},"modified":"2022-06-01T07:22:05","modified_gmt":"2022-06-01T07:22:05","slug":"tutkimusryhma","status":"publish","type":"page","link":"https:\/\/www.atm.helsinki.fi\/forclimate\/index.php\/tutkimusryhma\/","title":{"rendered":"Tutkimusryhm\u00e4"},"content":{"rendered":"\n<div class=\"wp-block-cover alignfull\" style=\"min-height:300px;aspect-ratio:unset;\"><span aria-hidden=\"true\" class=\"has-nv-site-bg-background-color has-background-dim-100 wp-block-cover__gradient-background has-background-dim\"><\/span><div class=\"wp-block-cover__inner-container is-layout-flow wp-block-cover-is-layout-flow\">\n<div class=\"wp-block-group\"><div class=\"wp-block-group__inner-container is-layout-flow wp-block-group-is-layout-flow\">\n<div class=\"wp-block-cover alignfull\" style=\"min-height:700px;aspect-ratio:unset;\"><span aria-hidden=\"true\" class=\"has-background-dim-0 wp-block-cover__gradient-background has-background-dim\"><\/span><img loading=\"lazy\" decoding=\"async\" width=\"1000\" height=\"230\" class=\"wp-block-cover__image-background wp-image-74\" alt=\"\" src=\"https:\/\/www.atm.helsinki.fi\/forclimate\/wp-content\/uploads\/2022\/02\/kukat.png\" style=\"object-position:50% 64%\" data-object-fit=\"cover\" data-object-position=\"50% 64%\"\/><div class=\"wp-block-cover__inner-container is-layout-flow wp-block-cover-is-layout-flow\">\n<div style=\"height:80px\" aria-hidden=\"true\" class=\"wp-block-spacer\"><\/div>\n\n\n\n<h2 class=\"has-text-align-center wp-block-heading\" id=\"tutkimusryhma\">Tutkimusryhm\u00e4<\/h2>\n\n\n\n<p class=\"has-text-align-center\"><\/p>\n\n\n\n<div style=\"height:80px\" aria-hidden=\"true\" class=\"wp-block-spacer\"><\/div>\n\n\n\n<div style=\"height:80px\" aria-hidden=\"true\" class=\"wp-block-spacer\"><\/div>\n<\/div><\/div>\n<\/div><\/div>\n<\/div><\/div>\n\n\n\n<div class=\"wp-block-cover alignfull\" style=\"min-height:420px;aspect-ratio:unset;\"><span aria-hidden=\"true\" class=\"has-nv-site-bg-background-color has-background-dim-100 wp-block-cover__gradient-background has-background-dim\"><\/span><div class=\"wp-block-cover__inner-container is-layout-flow wp-block-cover-is-layout-flow\">\n<div style=\"height:81px\" aria-hidden=\"true\" class=\"wp-block-spacer\"><\/div>\n\n\n\n<div class=\"wp-block-columns is-layout-flex wp-container-core-columns-is-layout-9d6595d7 wp-block-columns-is-layout-flex\">\n<div class=\"wp-block-column is-layout-flow wp-block-column-is-layout-flow\">\n<figure class=\"wp-block-image size-full is-resized is-style-rounded\"><img loading=\"lazy\" decoding=\"async\" src=\"https:\/\/www.atm.helsinki.fi\/forclimate\/wp-content\/uploads\/2022\/03\/markku_kulmala.png\" alt=\"\" class=\"wp-image-127\" width=\"182\" height=\"214\"\/><\/figure>\n\n\n\n<p class=\"has-text-align-left has-neve-text-color-color has-text-color has-normal-font-size\">Markku Kulmala<br>Fysiikan professori<br>Helsingin yliopisto<br>Teht\u00e4v\u00e4 projektissa: projektin johtaja ja pienhiukkasten tutkimus.<br>0405962311<br><a href=\"mailto:markku.kulmala@helsinki.fi\">markku.kulmala@helsinki.fi<\/a><\/p>\n\n\n\n<p class=\"has-neve-text-color-color has-text-color\"><\/p>\n\n\n\n<div style=\"height:20px\" aria-hidden=\"true\" class=\"wp-block-spacer\"><\/div>\n<\/div>\n\n\n\n<div class=\"wp-block-column is-layout-flow wp-block-column-is-layout-flow\">\n<figure class=\"wp-block-image size-full is-resized is-style-rounded\"><img loading=\"lazy\" decoding=\"async\" src=\"https:\/\/www.atm.helsinki.fi\/forclimate\/wp-content\/uploads\/2022\/05\/Kuva_JH_u_m.png\" alt=\"\" class=\"wp-image-153\" width=\"182\" height=\"214\"\/><\/figure>\n\n\n\n<p class=\"has-text-align-left has-neve-text-color-color has-text-color has-normal-font-size\">Jari Hynynen<br>Tutkimusprofessori<br>Luonnonvarakeskus<br>Teht\u00e4v\u00e4 projektissa: puuston kehitysdynamiikan mallinnus ja metsien kehitysskenaariot muuttuvassa ilmastossa. <br>0295322350<br><a href=\"mailto:jari.hynynen@luke.fi\">jari.hynynen@luke.fi<\/a><br><\/p>\n\n\n\n<p class=\"has-neve-text-color-color has-text-color\"><\/p>\n\n\n\n<div style=\"height:20px\" aria-hidden=\"true\" class=\"wp-block-spacer\"><\/div>\n<\/div>\n\n\n\n<div class=\"wp-block-column is-layout-flow wp-block-column-is-layout-flow\">\n<figure class=\"wp-block-image size-full is-resized is-style-rounded\"><img loading=\"lazy\" decoding=\"async\" src=\"https:\/\/www.atm.helsinki.fi\/forclimate\/wp-content\/uploads\/2022\/05\/Annalea.png\" alt=\"\" class=\"wp-image-140\" width=\"182\" height=\"214\"\/><\/figure>\n\n\n\n<p class=\"has-text-align-left has-neve-text-color-color has-text-color has-normal-font-size\">Annalea Lohila<br>apulaisprofessori<br>Ilmatieteen laitos ja Helsingin yliopisto<br>Teht\u00e4v\u00e4 projektissa: Ekosysteemi-ilmakeh\u00e4vuorovaikutus, hiilinielut, KHK-taseet ja mets\u00e4n k\u00e4sittelyn vaikutukset niihin.<br>0503663242<br><a href=\"mailto:annalea.lohila@fmi.fi\">annalea.lohila@fmi.fi<\/a><\/p>\n\n\n\n<p class=\"has-neve-text-color-color has-text-color\"><\/p>\n\n\n\n<div style=\"height:20px\" aria-hidden=\"true\" class=\"wp-block-spacer\"><\/div>\n<\/div>\n<\/div>\n\n\n\n<div class=\"wp-block-columns has-neve-link-color-color has-text-color is-layout-flex wp-container-core-columns-is-layout-9d6595d7 wp-block-columns-is-layout-flex\">\n<div class=\"wp-block-column is-layout-flow wp-block-column-is-layout-flow\">\n<figure class=\"wp-block-image size-full is-resized is-style-rounded\"><img loading=\"lazy\" decoding=\"async\" src=\"https:\/\/www.atm.helsinki.fi\/forclimate\/wp-content\/uploads\/2022\/02\/annalintunen.png\" alt=\"\" class=\"wp-image-77\" width=\"182\" height=\"214\"\/><\/figure>\n\n\n\n<p class=\"has-text-align-left has-neve-text-color-color has-text-color has-normal-font-size\">Anna Lintunen<br>Tutkimuskoordinaattori<br>Puiden ekofysiologian dosentti<br>Helsingin yliopisto<br>Teht\u00e4v\u00e4 projektissa: projektin koordinointi sek\u00e4 puiden rakenteen, kasvun ja fysiologian mittaus ja mallinnus.<br>0407510341<br><a href=\"mailto:anna.lintunen@helsinki.fi\">anna.lintunen@helsinki.fi<\/a><\/p>\n\n\n\n<p class=\"has-neve-text-color-color has-text-color\"><\/p>\n\n\n\n<div style=\"height:20px\" aria-hidden=\"true\" class=\"wp-block-spacer\"><\/div>\n<\/div>\n\n\n\n<div class=\"wp-block-column is-layout-flow wp-block-column-is-layout-flow\">\n<figure class=\"wp-block-image size-full is-resized is-style-rounded\"><img loading=\"lazy\" decoding=\"async\" src=\"https:\/\/www.atm.helsinki.fi\/forclimate\/wp-content\/uploads\/2022\/02\/Makinen_VanhaHypso.png\" alt=\"\" class=\"wp-image-103\" width=\"182\" height=\"214\"\/><\/figure>\n\n\n\n<p class=\"has-text-color\" style=\"color:#040404\">Harri M\u00e4kinen<br>Johtava tutkija<br>Luonnonvarakeskus<br>Teht\u00e4v\u00e4 projektissa: puiden ja metsik\u00f6iden kasvun mallinnus.<br>0295325265<br><a rel=\"noreferrer noopener\" href=\"mailto:harri.makinen@luke.fi\" target=\"_blank\">harri.makinen@luke.fi<\/a><\/p>\n\n\n\n<p><\/p>\n<\/div>\n\n\n\n<div class=\"wp-block-column is-layout-flow wp-block-column-is-layout-flow\">\n<figure class=\"wp-block-image size-full is-resized is-style-rounded\"><img loading=\"lazy\" decoding=\"async\" src=\"https:\/\/www.atm.helsinki.fi\/forclimate\/wp-content\/uploads\/2022\/03\/Laura-4_m.jpg\" alt=\"\" class=\"wp-image-133\" width=\"182\" height=\"214\"\/><\/figure>\n\n\n\n<p class=\"has-neve-link-color-color has-text-color\">Laura Riuttanen<br>yliopistonlehtori<br>Teht\u00e4v\u00e4 projektissa: Ilmastomuutos ja mets\u00e4t -verkkokurssin tuotannon koordinointi<br>050 415 4746<br><a rel=\"noreferrer noopener\" href=\"mailto:laura.riuttanen@helsinki.fi\" target=\"_blank\">laura.riuttanen@helsinki.fi<\/a>&nbsp;<\/p>\n\n\n\n<p class=\"has-neve-text-color-color has-text-color\"><\/p>\n\n\n\n<div style=\"height:20px\" aria-hidden=\"true\" class=\"wp-block-spacer\"><\/div>\n<\/div>\n<\/div>\n\n\n\n<div style=\"height:30px\" aria-hidden=\"true\" class=\"wp-block-spacer\"><\/div>\n<\/div><\/div>\n\n\n\n<div class=\"wp-block-cover alignfull\" style=\"min-height:420px;aspect-ratio:unset;\"><span aria-hidden=\"true\" class=\"has-nv-site-bg-background-color has-background-dim-100 wp-block-cover__gradient-background has-background-dim\"><\/span><div class=\"wp-block-cover__inner-container is-layout-flow wp-block-cover-is-layout-flow\">\n<div style=\"height:81px\" aria-hidden=\"true\" class=\"wp-block-spacer\"><\/div>\n\n\n\n<div class=\"wp-block-columns is-layout-flex wp-container-core-columns-is-layout-9d6595d7 wp-block-columns-is-layout-flex\">\n<div class=\"wp-block-column is-layout-flow wp-block-column-is-layout-flow\">\n<figure class=\"wp-block-image size-full is-resized is-style-rounded\"><img loading=\"lazy\" decoding=\"async\" src=\"https:\/\/www.atm.helsinki.fi\/forclimate\/wp-content\/uploads\/2022\/03\/helena_r-1.png\" alt=\"\" class=\"wp-image-125\" width=\"182\" height=\"214\"\/><\/figure>\n\n\n\n<p class=\"has-text-align-left has-neve-text-color-color has-text-color has-normal-font-size\">Helena Rautakoski<br>V\u00e4it\u00f6skirjatutkija<br>Ilmatieteen laitos<br>Teht\u00e4v\u00e4 projektissa: Turvemets\u00e4kohteiden kasvihuonekaasudynamiikka ja -taseet, hakkuiden vaikutus niihin ja kentt\u00e4mittausten yll\u00e4pito.<br>0503044141<br><a href=\"mailto:helena.rautakoski@fmi.fi\">helena.rautakoski@fmi.fi<\/a><\/p>\n\n\n\n<p class=\"has-neve-text-color-color has-text-color\"><\/p>\n\n\n\n<div style=\"height:20px\" aria-hidden=\"true\" class=\"wp-block-spacer\"><\/div>\n<\/div>\n\n\n\n<div class=\"wp-block-column is-layout-flow wp-block-column-is-layout-flow\">\n<figure class=\"wp-block-image size-full is-resized is-style-rounded\"><img loading=\"lazy\" decoding=\"async\" src=\"https:\/\/www.atm.helsinki.fi\/forclimate\/wp-content\/uploads\/2022\/03\/piia_s.png\" alt=\"\" class=\"wp-image-122\" width=\"182\" height=\"214\"\/><\/figure>\n\n\n\n<p class=\"has-text-align-left has-neve-text-color-color has-text-color has-normal-font-size\">Pauliina Schiestl-Aalto<br>Tutkimuskoordinaattori<br>Helsingin yliopisto<br>Teht\u00e4v\u00e4 projektissa: Mets\u00e4n prosessien mallinnus<br><a href=\"mailto:piia.schiestl@helsinki.fi\">piia.schiestl@helsinki.fi<\/a><a href=\"mailto:anna.lintunen@helsinki.fi\"><\/a><\/p>\n\n\n\n<p class=\"has-neve-text-color-color has-text-color\"><\/p>\n\n\n\n<div style=\"height:20px\" aria-hidden=\"true\" class=\"wp-block-spacer\"><\/div>\n<\/div>\n\n\n\n<div class=\"wp-block-column is-layout-flow wp-block-column-is-layout-flow\">\n<figure class=\"wp-block-image size-full is-resized is-style-rounded\"><img loading=\"lazy\" decoding=\"async\" src=\"https:\/\/www.atm.helsinki.fi\/forclimate\/wp-content\/uploads\/2022\/05\/Leif.png\" alt=\"\" class=\"wp-image-150\" width=\"182\" height=\"214\"\/><\/figure>\n\n\n\n<p class=\"has-text-align-left has-neve-text-color-color has-text-color has-normal-font-size\">Leif Backman<br>Tutkija<br>Ilmatieteen laitos<br>Teht\u00e4v\u00e4 projektissa: Mallidatan evaluonti hy\u00f6dynt\u00e4m\u00e4ll\u00e4 havaintopohjaisia hiilidioksidin nielu ja l\u00e4hde aineistoja.<br>0504050752<br><a href=\"mailto:leif.backman@fmi.fi\">leif.backman@fmi.fi<\/a><\/p>\n\n\n\n<p class=\"has-neve-text-color-color has-text-color\"><\/p>\n\n\n\n<div style=\"height:20px\" aria-hidden=\"true\" class=\"wp-block-spacer\"><\/div>\n<\/div>\n<\/div>\n\n\n\n<div class=\"wp-block-columns has-neve-link-color-color has-text-color is-layout-flex wp-container-core-columns-is-layout-9d6595d7 wp-block-columns-is-layout-flex\">\n<div class=\"wp-block-column is-layout-flow wp-block-column-is-layout-flow\">\n<figure class=\"wp-block-image size-full is-resized is-style-rounded\"><img loading=\"lazy\" decoding=\"async\" src=\"https:\/\/www.atm.helsinki.fi\/forclimate\/wp-content\/uploads\/2022\/05\/otso_m.png\" alt=\"\" class=\"wp-image-160\" width=\"182\" height=\"214\"\/><\/figure>\n\n\n\n<p class=\"has-neve-text-color-color has-text-color\">Otso Per\u00e4kyl\u00e4<br>Tutkijatohtori<br>Helsingin yliopisto<br>Teht\u00e4v\u00e4 projektissa: Mets\u00e4n synnytt\u00e4mien pienhiukkasten ja mets\u00e4n heijastavuuden kvantifiointi.<br><a href=\"mailto:otso.perakyla@helsinki.fi\">otso.perakyla@helsinki.fi<\/a><\/p>\n\n\n\n<div style=\"height:20px\" aria-hidden=\"true\" class=\"wp-block-spacer\"><\/div>\n<\/div>\n\n\n\n<div class=\"wp-block-column is-layout-flow wp-block-column-is-layout-flow\">\n<p class=\"has-text-color\" style=\"color:#040404\"><\/p>\n\n\n\n<p><\/p>\n<\/div>\n\n\n\n<div class=\"wp-block-column is-layout-flow wp-block-column-is-layout-flow\">\n<p class=\"has-neve-link-color-color has-text-color\"><\/p>\n\n\n\n<p class=\"has-neve-text-color-color has-text-color\"><\/p>\n\n\n\n<div style=\"height:20px\" aria-hidden=\"true\" class=\"wp-block-spacer\"><\/div>\n<\/div>\n<\/div>\n\n\n\n<div style=\"height:30px\" aria-hidden=\"true\" class=\"wp-block-spacer\"><\/div>\n<\/div><\/div>\n","protected":false},"excerpt":{"rendered":"","protected":false},"author":1,"featured_media":0,"parent":0,"menu_order":0,"comment_status":"closed","ping_status":"closed","template":"","meta":{"neve_meta_sidebar":"","neve_meta_container":"","neve_meta_enable_content_width":"on","neve_meta_content_width":95,"neve_meta_title_alignment":"","neve_meta_author_avatar":"","neve_post_elements_order":"","neve_meta_disable_header":"","neve_meta_disable_footer":"","neve_meta_disable_title":"on","footnotes":""},"class_list":["post-44","page","type-page","status-publish","hentry"],"_links":{"self":[{"href":"https:\/\/www.atm.helsinki.fi\/forclimate\/index.php\/wp-json\/wp\/v2\/pages\/44","targetHints":{"allow":["GET"]}}],"collection":[{"href":"https:\/\/www.atm.helsinki.fi\/forclimate\/index.php\/wp-json\/wp\/v2\/pages"}],"about":[{"href":"https:\/\/www.atm.helsinki.fi\/forclimate\/index.php\/wp-json\/wp\/v2\/types\/page"}],"author":[{"embeddable":true,"href":"https:\/\/www.atm.helsinki.fi\/forclimate\/index.php\/wp-json\/wp\/v2\/users\/1"}],"replies":[{"embeddable":true,"href":"https:\/\/www.atm.helsinki.fi\/forclimate\/index.php\/wp-json\/wp\/v2\/comments?post=44"}],"version-history":[{"count":30,"href":"https:\/\/www.atm.helsinki.fi\/forclimate\/index.php\/wp-json\/wp\/v2\/pages\/44\/revisions"}],"predecessor-version":[{"id":169,"href":"https:\/\/www.atm.helsinki.fi\/forclimate\/index.php\/wp-json\/wp\/v2\/pages\/44\/revisions\/169"}],"wp:attachment":[{"href":"https:\/\/www.atm.helsinki.fi\/forclimate\/index.php\/wp-json\/wp\/v2\/media?parent=44"}],"curies":[{"name":"wp","href":"https:\/\/api.w.org\/{rel}","templated":true}]}}