{"id":46,"date":"2022-02-08T13:21:32","date_gmt":"2022-02-08T13:21:32","guid":{"rendered":"https:\/\/www.atm.helsinki.fi\/forclimate\/?page_id=46"},"modified":"2024-08-12T09:11:20","modified_gmt":"2024-08-12T09:11:20","slug":"ajankohtaista","status":"publish","type":"page","link":"https:\/\/www.atm.helsinki.fi\/forclimate\/index.php\/ajankohtaista\/","title":{"rendered":"Ajankohtaista"},"content":{"rendered":"\n<div class=\"wp-block-cover alignfull\" style=\"min-height:300px;aspect-ratio:unset;\"><span aria-hidden=\"true\" class=\"wp-block-cover__background has-nv-site-bg-background-color has-background-dim-100 has-background-dim\"><\/span><div class=\"wp-block-cover__inner-container is-layout-flow wp-block-cover-is-layout-flow\">\n<div class=\"wp-block-group\"><div class=\"wp-block-group__inner-container is-layout-flow wp-block-group-is-layout-flow\">\n<div class=\"wp-block-cover alignfull\" style=\"min-height:700px;aspect-ratio:unset;\"><span aria-hidden=\"true\" class=\"wp-block-cover__background has-background-dim-0 has-background-dim\"><\/span><img loading=\"lazy\" decoding=\"async\" width=\"1600\" height=\"1099\" class=\"wp-block-cover__image-background wp-image-31\" alt=\"\" src=\"https:\/\/www.atm.helsinki.fi\/forclimate\/wp-content\/uploads\/2022\/02\/koivunlehdet.png\" style=\"object-position:96% 6%\" data-object-fit=\"cover\" data-object-position=\"96% 6%\"\/><div class=\"wp-block-cover__inner-container is-layout-flow wp-block-cover-is-layout-flow\">\n<div style=\"height:80px\" aria-hidden=\"true\" class=\"wp-block-spacer\"><\/div>\n\n\n\n<h2 class=\"wp-block-heading has-text-align-center\" id=\"ajankohtaista\">Ajankohtaista<\/h2>\n\n\n\n<p><\/p>\n\n\n\n<div style=\"height:80px\" aria-hidden=\"true\" class=\"wp-block-spacer\"><\/div>\n\n\n\n<div style=\"height:80px\" aria-hidden=\"true\" class=\"wp-block-spacer\"><\/div>\n<\/div><\/div>\n<\/div><\/div>\n<\/div><\/div>\n\n\n\n<div style=\"height:32px\" aria-hidden=\"true\" class=\"wp-block-spacer\"><\/div>\n\n\n\n<div class=\"wp-block-columns is-layout-flex wp-container-core-columns-is-layout-9d6595d7 wp-block-columns-is-layout-flex\">\n<div class=\"wp-block-column is-layout-flow wp-block-column-is-layout-flow\"><div class=\"wp-block-image icon-style is-style-default\">\n<figure class=\"aligncenter size-full\"><img loading=\"lazy\" decoding=\"async\" width=\"510\" height=\"339\" src=\"https:\/\/www.atm.helsinki.fi\/forclimate\/wp-content\/uploads\/2024\/08\/versokyvetti510.jpg\" alt=\"\" class=\"wp-image-198\" srcset=\"https:\/\/www.atm.helsinki.fi\/forclimate\/wp-content\/uploads\/2024\/08\/versokyvetti510.jpg 510w, https:\/\/www.atm.helsinki.fi\/forclimate\/wp-content\/uploads\/2024\/08\/versokyvetti510-300x199.jpg 300w\" sizes=\"auto, (max-width: 510px) 100vw, 510px\" \/><\/figure><\/div>\n\n\n<h3 class=\"wp-block-heading has-text-align-center has-neve-text-color-color has-text-color\">Uusia v\u00e4lineit\u00e4 mets\u00e4nomistajien avuksi ilmastonmuutoksen torjunnassa<\/h3>\n\n\n\n<p class=\"has-text-align-center\">Miten metsi\u00e4 tulisi hoitaa, jotta niiden rooli ilmastonmuutoksen torjunnassa vahvistuisi?<br><a href=\"https:\/\/www.aka.fi\/tietysti\/teemat\/muuttuva-metsantutkimus\/uusia-valineita-metsanomistajien-avuksi-ilmastonmuutoksen-torjunnassa\/\">Lue lis\u00e4\u00e4<\/a><\/p>\n\n\n\n<div style=\"height:20px\" aria-hidden=\"true\" class=\"wp-block-spacer\"><\/div>\n<\/div>\n\n\n\n<div class=\"wp-block-column is-layout-flow wp-block-column-is-layout-flow\"><\/div>\n\n\n\n<div class=\"wp-block-column is-layout-flow wp-block-column-is-layout-flow\"><\/div>\n<\/div>\n\n\n\n<div class=\"wp-block-columns is-layout-flex wp-container-core-columns-is-layout-9d6595d7 wp-block-columns-is-layout-flex\">\n<div class=\"wp-block-column is-layout-flow wp-block-column-is-layout-flow\">\n<div class=\"wp-block-image icon-style is-style-default\"><figure class=\"aligncenter size-full\"><img loading=\"lazy\" decoding=\"async\" width=\"561\" height=\"544\" src=\"https:\/\/www.atm.helsinki.fi\/forclimate\/wp-content\/uploads\/2022\/06\/kickoff-1.png\" alt=\"\" class=\"wp-image-176\"\/><\/figure><\/div>\n\n\n\n<h3 class=\"has-text-align-center has-neve-text-color-color has-text-color wp-block-heading\">Projektin kickoff-tilaisuus Viikiss\u00e4 20.5.<\/h3>\n\n\n\n<p class=\"has-text-align-center\">Projektin kickoff-tilaisuus j\u00e4rjestettiin Helsingin yliopiston tiloissa Viikiss\u00e4 20.5. Tilaisuudessa esiteltiin projektia ja sen eri ty\u00f6pakettien suunnitelmia, keskusteltiin suunnitelmista ja tavoitteista ja ennen kaikkea tutustuttiin toisiimme. Mukana oli yli 20 hankkeen tutkijaa ja yhteisty\u00f6kumppania. T\u00e4st\u00e4 on hyv\u00e4 jatkaa!<\/p>\n\n\n\n<div style=\"height:20px\" aria-hidden=\"true\" class=\"wp-block-spacer\"><\/div>\n<\/div>\n\n\n\n<div class=\"wp-block-column is-layout-flow wp-block-column-is-layout-flow\">\n<div class=\"wp-block-image icon-style is-style-default\"><figure class=\"aligncenter size-full\"><img loading=\"lazy\" decoding=\"async\" width=\"561\" height=\"544\" src=\"https:\/\/www.atm.helsinki.fi\/forclimate\/wp-content\/uploads\/2022\/02\/anna_lintunen_kasvokuva.png\" alt=\"\" class=\"wp-image-99\"\/><\/figure><\/div>\n\n\n\n<h3 class=\"has-text-align-center has-neve-text-color-color has-text-color wp-block-heading\" id=\"metsalle-lisaa-roolia-ilmastomuutoksen-torjunnassa\">Mets\u00e4lle lis\u00e4\u00e4 roolia ilmastomuutoksen torjunnassa<\/h3>\n\n\n\n<p class=\"has-text-align-center\">Uuden mallinnusty\u00f6kalun toivotaan n\u00e4ytt\u00e4v\u00e4n toimien ilmastovaikutuksen metsikk\u00f6tasolla. <a href=\"https:\/\/www.loimu.fi\/verkkolehden-artikkeli\/metsalle-lisaa-roolia-ilmastomuutoksen-torjunnassa\/\" target=\"_blank\" rel=\"noreferrer noopener\">Lue lis\u00e4\u00e4<\/a>.<\/p>\n\n\n\n<div style=\"height:20px\" aria-hidden=\"true\" class=\"wp-block-spacer\"><\/div>\n<\/div>\n\n\n\n<div class=\"wp-block-column is-layout-flow wp-block-column-is-layout-flow\">\n<div class=\"wp-block-image icon-style is-style-default\"><figure class=\"aligncenter size-full\"><img loading=\"lazy\" decoding=\"async\" width=\"561\" height=\"544\" src=\"https:\/\/www.atm.helsinki.fi\/forclimate\/wp-content\/uploads\/2022\/03\/Drone-spring-2021_m.png\" alt=\"\" class=\"wp-image-109\"\/><\/figure><\/div>\n\n\n\n<h3 class=\"has-text-align-center has-neve-text-color-color has-text-color wp-block-heading\" id=\"tutkimme-hyytialassa-smear-ii-asemalla-sita-kuinka-lumeton-maa-vaikuttaa-puiden-talvehtimiseen-kevaaseen-heraamiseen-ja-kasvuun\">Tutkimme Hyyti\u00e4l\u00e4ss\u00e4 SMEAR II asemalla sit\u00e4 kuinka lumeton maa vaikuttaa puiden talvehtimiseen, kev\u00e4\u00e4seen her\u00e4\u00e4miseen ja kasvuun.<\/h3>\n\n\n\n<p class=\"has-text-align-center\"> Lumen alla maan l\u00e4mp\u00f6tila pysyy nollan asteen tuntumassa, mutta lumeton maa j\u00e4\u00e4tyy ilman l\u00e4mp\u00f6tilan laskiessa. Oriveden sanomat teki tutkimuksesta jutun teemanumeroonsa. P\u00e4\u00e4set lukemaan jutun t\u00e4st\u00e4 linkist\u00e4 (sivut 50-51): <a rel=\"noreferrer noopener\" href=\"https:\/\/www.lehtiluukku.fi\/lehti\/oriveden-sanomat-liitteet\/_read\/2.3.2022\/304005.html\" target=\"_blank\">https:\/\/www.lehtiluukku.fi\/lehti\/oriveden-sanomat-liitteet\/_read\/2.3.2022\/304005.html<\/a><\/p>\n\n\n\n<div style=\"height:20px\" aria-hidden=\"true\" class=\"wp-block-spacer\"><\/div>\n<\/div>\n<\/div>\n","protected":false},"excerpt":{"rendered":"","protected":false},"author":1,"featured_media":0,"parent":0,"menu_order":0,"comment_status":"closed","ping_status":"closed","template":"","meta":{"neve_meta_sidebar":"","neve_meta_container":"","neve_meta_enable_content_width":"on","neve_meta_content_width":100,"neve_meta_title_alignment":"","neve_meta_author_avatar":"","neve_post_elements_order":"","neve_meta_disable_header":"","neve_meta_disable_footer":"","neve_meta_disable_title":"on","footnotes":""},"class_list":["post-46","page","type-page","status-publish","hentry"],"_links":{"self":[{"href":"https:\/\/www.atm.helsinki.fi\/forclimate\/index.php\/wp-json\/wp\/v2\/pages\/46","targetHints":{"allow":["GET"]}}],"collection":[{"href":"https:\/\/www.atm.helsinki.fi\/forclimate\/index.php\/wp-json\/wp\/v2\/pages"}],"about":[{"href":"https:\/\/www.atm.helsinki.fi\/forclimate\/index.php\/wp-json\/wp\/v2\/types\/page"}],"author":[{"embeddable":true,"href":"https:\/\/www.atm.helsinki.fi\/forclimate\/index.php\/wp-json\/wp\/v2\/users\/1"}],"replies":[{"embeddable":true,"href":"https:\/\/www.atm.helsinki.fi\/forclimate\/index.php\/wp-json\/wp\/v2\/comments?post=46"}],"version-history":[{"count":8,"href":"https:\/\/www.atm.helsinki.fi\/forclimate\/index.php\/wp-json\/wp\/v2\/pages\/46\/revisions"}],"predecessor-version":[{"id":201,"href":"https:\/\/www.atm.helsinki.fi\/forclimate\/index.php\/wp-json\/wp\/v2\/pages\/46\/revisions\/201"}],"wp:attachment":[{"href":"https:\/\/www.atm.helsinki.fi\/forclimate\/index.php\/wp-json\/wp\/v2\/media?parent=46"}],"curies":[{"name":"wp","href":"https:\/\/api.w.org\/{rel}","templated":true}]}}