{"id":8,"date":"2022-02-08T12:23:05","date_gmt":"2022-02-08T12:23:05","guid":{"rendered":"https:\/\/www.atm.helsinki.fi\/forclimate\/?page_id=8"},"modified":"2022-02-10T12:12:12","modified_gmt":"2022-02-10T12:12:12","slug":"tutkimus","status":"publish","type":"page","link":"https:\/\/www.atm.helsinki.fi\/forclimate\/index.php\/tutkimus\/","title":{"rendered":"Tutkimus"},"content":{"rendered":"\n<div class=\"wp-block-cover alignfull\" style=\"min-height:300px;aspect-ratio:unset;\"><span aria-hidden=\"true\" class=\"has-nv-site-bg-background-color has-background-dim-100 wp-block-cover__gradient-background has-background-dim\"><\/span><div class=\"wp-block-cover__inner-container is-layout-flow wp-block-cover-is-layout-flow\">\n<div class=\"wp-block-group\"><div class=\"wp-block-group__inner-container is-layout-flow wp-block-group-is-layout-flow\">\n<p><\/p>\n\n\n\n<div class=\"wp-block-cover alignfull\" style=\"min-height:700px;aspect-ratio:unset;\"><span aria-hidden=\"true\" class=\"has-background-dim-0 wp-block-cover__gradient-background has-background-dim\"><\/span><img loading=\"lazy\" decoding=\"async\" width=\"1000\" height=\"287\" class=\"wp-block-cover__image-background wp-image-69\" alt=\"\" src=\"https:\/\/www.atm.helsinki.fi\/forclimate\/wp-content\/uploads\/2022\/02\/havupuu.png\" style=\"object-position:50% 64%\" data-object-fit=\"cover\" data-object-position=\"50% 64%\"\/><div class=\"wp-block-cover__inner-container is-layout-flow wp-block-cover-is-layout-flow\">\n<div style=\"height:80px\" aria-hidden=\"true\" class=\"wp-block-spacer\"><\/div>\n\n\n\n<h2 class=\"has-text-align-center wp-block-heading\" id=\"tutkimus\">Tutkimus<\/h2>\n\n\n\n<p><\/p>\n\n\n\n<div style=\"height:80px\" aria-hidden=\"true\" class=\"wp-block-spacer\"><\/div>\n\n\n\n<div style=\"height:80px\" aria-hidden=\"true\" class=\"wp-block-spacer\"><\/div>\n<\/div><\/div>\n<\/div><\/div>\n<\/div><\/div>\n\n\n\n<p><\/p>\n\n\n\n<p>Projektissa selvitet\u00e4\u00e4n miten metsi\u00e4 tulisi hoitaa, jotta niiden rooli ilmastonmuutoksen torjunnassa vahvistuisi.<\/p>\n\n\n\n<p>Analysoimme erilaisten mets\u00e4nhoitomenetelmien ja muuttuvan ilmaston vaikutuksia metsien hiilinieluun ja s\u00e4teilypakotteeseen yhdist\u00e4m\u00e4ll\u00e4 kattavat boreaalisten metsien ja ilmakeh\u00e4n mittausaineistot monipuoliseen mets\u00e4nkasvumallinnukseen.<\/p>\n\n\n\n<p>Kehit\u00e4mme MottiC+ mallin ja siihen perustuvan metsikk\u00f6tason simulaatioty\u00f6kalun, joka tulee avoimesti saataville verkkoon. Mallin avulla voi arvioida mets\u00e4n ja ilmakeh\u00e4n vuorovaikutusta erilaisissa mets\u00e4nhoito- ja ilmastoskenaarioissa ja eri skaaloissa hyvin monipuolisesti. Malli huomioi hiilinielujen lis\u00e4ksi my\u00f6s mets\u00e4n muut ilmastovaikutukset (muut kasvihuonekaasut, ilmakeh\u00e4n pienhiukkaset ja albedo).<\/p>\n\n\n\n<p>Tuotamme mallin ymp\u00e4rille my\u00f6s avoimen MOOC verkkokurssin metsien k\u00e4yt\u00f6st\u00e4 ja ilmastovaikutuksista.<\/p>\n","protected":false},"excerpt":{"rendered":"<p>Projektissa selvitet\u00e4\u00e4n miten metsi\u00e4 tulisi hoitaa, jotta niiden rooli ilmastonmuutoksen torjunnassa vahvistuisi. Analysoimme erilaisten mets\u00e4nhoitomenetelmien ja muuttuvan ilmaston vaikutuksia metsien hiilinieluun ja s\u00e4teilypakotteeseen yhdist\u00e4m\u00e4ll\u00e4 kattavat boreaalisten metsien ja ilmakeh\u00e4n mittausaineistot monipuoliseen mets\u00e4nkasvumallinnukseen. Kehit\u00e4mme MottiC+ mallin ja siihen perustuvan metsikk\u00f6tason simulaatioty\u00f6kalun, joka tulee avoimesti saataville verkkoon. Mallin avulla voi arvioida mets\u00e4n ja ilmakeh\u00e4n vuorovaikutusta erilaisissa mets\u00e4nhoito-&hellip;&nbsp;<a href=\"https:\/\/www.atm.helsinki.fi\/forclimate\/index.php\/tutkimus\/\" rel=\"bookmark\">Read More &raquo;<span class=\"screen-reader-text\">Tutkimus<\/span><\/a><\/p>\n","protected":false},"author":1,"featured_media":0,"parent":0,"menu_order":0,"comment_status":"closed","ping_status":"closed","template":"","meta":{"neve_meta_sidebar":"","neve_meta_container":"","neve_meta_enable_content_width":"on","neve_meta_content_width":100,"neve_meta_title_alignment":"","neve_meta_author_avatar":"","neve_post_elements_order":"","neve_meta_disable_header":"","neve_meta_disable_footer":"","neve_meta_disable_title":"on","footnotes":""},"class_list":["post-8","page","type-page","status-publish","hentry"],"_links":{"self":[{"href":"https:\/\/www.atm.helsinki.fi\/forclimate\/index.php\/wp-json\/wp\/v2\/pages\/8","targetHints":{"allow":["GET"]}}],"collection":[{"href":"https:\/\/www.atm.helsinki.fi\/forclimate\/index.php\/wp-json\/wp\/v2\/pages"}],"about":[{"href":"https:\/\/www.atm.helsinki.fi\/forclimate\/index.php\/wp-json\/wp\/v2\/types\/page"}],"author":[{"embeddable":true,"href":"https:\/\/www.atm.helsinki.fi\/forclimate\/index.php\/wp-json\/wp\/v2\/users\/1"}],"replies":[{"embeddable":true,"href":"https:\/\/www.atm.helsinki.fi\/forclimate\/index.php\/wp-json\/wp\/v2\/comments?post=8"}],"version-history":[{"count":6,"href":"https:\/\/www.atm.helsinki.fi\/forclimate\/index.php\/wp-json\/wp\/v2\/pages\/8\/revisions"}],"predecessor-version":[{"id":88,"href":"https:\/\/www.atm.helsinki.fi\/forclimate\/index.php\/wp-json\/wp\/v2\/pages\/8\/revisions\/88"}],"wp:attachment":[{"href":"https:\/\/www.atm.helsinki.fi\/forclimate\/index.php\/wp-json\/wp\/v2\/media?parent=8"}],"curies":[{"name":"wp","href":"https:\/\/api.w.org\/{rel}","templated":true}]}}