{"id":106,"date":"2024-02-28T10:05:52","date_gmt":"2024-02-28T10:05:52","guid":{"rendered":"https:\/\/www.atm.helsinki.fi\/globalsmear_wp\/?page_id=106"},"modified":"2024-03-05T08:11:40","modified_gmt":"2024-03-05T08:11:40","slug":"relevant-globalsmear-papers","status":"publish","type":"page","link":"https:\/\/www.atm.helsinki.fi\/globalsmear\/relevant-globalsmear-papers\/","title":{"rendered":"Relevant GlobalSMEAR papers"},"content":{"rendered":"\n<figure class=\"wp-block-image alignfull size-full\"><img loading=\"lazy\" decoding=\"async\" width=\"1831\" height=\"400\" src=\"https:\/\/www.atm.helsinki.fi\/globalsmear\/wp-content\/uploads\/2024\/02\/Banner_full_SMEAR_4.png\" alt=\"\" class=\"wp-image-25\"\/><\/figure>\n\n\n\n<ol class=\"wp-block-list\">\n<li>Aalto, J., Kolari, P., Hari, P., Kerminen, V.-M., Schiestl-Aalto, P., Aaltonen, H., Levula, J., Siivola, E., Kulmala, M., and B\u00e4ck, J.: <a href=\"https:\/\/www.biogeosciences.net\/11\/1331\/2014\/bg-11-1331-2014.pdf\">New foliage growth is a significant, unaccounted source for volatiles in boreal evergreen forests<\/a>. <em>Biogeosciences<\/em>, <strong>11<\/strong>, 1331\u20131344, 2014.<\/li>\n\n\n\n<li>Ding, A.J., Nie, W., Huang, X., Chi, X.G., Sun, J.N., Kerminen, V.-M., Xu, Z., Guo, W.D., Pet\u00e4j\u00e4, T., Yang, X.Q.,Kulmala, M., Fu, C.B.: <a href=\"https:\/\/link.springer.com\/content\/pdf\/10.1007%2Fs11783-016-0877-3.pdf\">Long-term observation of air pollution-weather\/climate interactions at the SORPES station: a review and outlook<\/a>. <em>Front. Environ. Sci. Eng.<\/em>, <strong>10,<\/strong> 5, 15, DOI: 10.1007\/s11783-016-0877-3, 2016.<\/li>\n\n\n\n<li>Hari, P. and Kulmala, M.: <a href=\"http:\/\/www.borenv.net\/BER\/pdfs\/ber10\/ber10-315.pdf\">Stations for Measuring Ecosystem \u2013 Atmosphere Relations (SMEAR II)<\/a>.<em> Boreal Environ. Res<\/em>., <strong>10<\/strong>, 315\u2013322, 2005.<\/li>\n\n\n\n<li>Hari, P., Andreae, M. O., Kabat, P., and Kulmala, M.: <a href=\"http:\/\/www.borenv.net\/BER\/pdfs\/ber14\/ber14-442.pdf\">A comprehensive network of measuring stations to monitor climate change<\/a>. <em>Boreal Environ. Res<\/em>., <strong>14<\/strong>, 442\u2013446, 2009.<\/li>\n\n\n\n<li>Hari, P., Pet\u00e4j\u00e4, T., B\u00e4ck, J., Kerminen, V-M., Lappalainen, H.K. Vihma, T., Laurila, T., Viisanen, Y., Vesala, T., and Kulmala M.: <a href=\"https:\/\/www.atmos-chem-phys.net\/16\/1017\/2016\/acp-16-1017-2016.pdf\">Conceptual design of a measurement network of the global change<\/a>. <em>Atmos. Chem. Phys<\/em>., <strong>16<\/strong>, 1017\u20131028, doi:10.5194\/acp-16-1017-2016, 2016.<\/li>\n\n\n\n<li>Kolari, P., Kulmala, L., Pumpanen, J., Launiainen, S., Ilvesniemi, H., Hari, P., and Nikinmaa, E: <a href=\"http:\/\/www.borenv.net\/BER\/pdfs\/ber14\/ber14-761.pdf\">CO<sub>2<\/sub> exchange and component CO<sub>2<\/sub> fluxes of a boreal Scots pine forest<\/a>. <em>Boreal Env. Res<\/em>., <strong>14<\/strong>, 761\u2013783, 2009.<\/li>\n\n\n\n<li>Korhonen, J.F.J., Pihlatie, M., Pumpanen, J., Aaltonen, H., Hari, P., Levula, J., Kieloaho, A.-J., Nikinmaa, E., Vesala, T., and Ilvesniemi, H.: <a href=\"https:\/\/www.biogeosciences.net\/10\/1083\/2013\/bg-10-1083-2013.pdf\">Nitrogen balance of a boreal Scots pine forest<\/a>. <em>Biogeosciences<\/em>, <strong>10<\/strong>, 1083\u20131095, 2013, doi:10.5194\/bg-10-1083-2013<\/li>\n\n\n\n<li>Kulmala, M: <a href=\"https:\/\/www.nature.com\/polopoly_fs\/1.18586!\/menu\/main\/topColumns\/topLeftColumn\/pdf\/526497a.pdf\">China&#8217;s choking cocktail<\/a>. <em>Nature<\/em>, <strong>526<\/strong>, 497\u2013499, 2015.<\/li>\n\n\n\n<li>Kulmala, M: <a href=\"https:\/\/www.nature.com\/magazine-assets\/d41586-017-08967-y\/d41586-017-08967-y.pdf\">Build a global Earth observatory<\/a>. <em>Nature<\/em>, <strong>553<\/strong>, 7686, 21\u201323, 2018.<\/li>\n\n\n\n<li>Kulmala, M., Suni, T., Lehtinen, K.E.J., Dal Maso, M., Boy, M., Reissell, A., Rannik, U., Aalto, P., Keronen, P., Hakola, H., Back, J.B., Hoffmann, T., Vesala, T. &amp; Hari, P.: <a href=\"https:\/\/www.atmos-chem-phys.net\/4\/557\/2004\/acp-4-557-2004.pdf\">A new feedback mechanism linking forests, aerosols, and climate<\/a>. <em>Atmos. Chem. Phys<\/em>., <strong>4<\/strong>,&nbsp;557\u2013562, 2004.<\/li>\n\n\n\n<li>Kulmala, M., Pet\u00e4j\u00e4, T., Nieminen, T., Sipil\u00e4, M., Manninen, H.E., Lehtipalo, K., Dal Maso, M., Aalto, P.P., Junninen, H., Paasonen, P., Riipinen, I., Lehtinen, K.E.J., Laaksonen, A., Kerminen, V.-M.: <a href=\"https:\/\/www.nature.com\/articles\/nprot.2012.091.pdf\">Measurement of the nucleation of atmospheric aerosol particles<\/a>, <em>Naute protocols<\/em>, <strong>7<\/strong>, 1651\u20131667, 2012.<\/li>\n\n\n\n<li>Kulmala, M., Kontkanen, J., Junninen, H., Lehtipalo, K., Manninen, H.E., Nieminen, T., Pet\u00e4j\u00e4, T., Sipil\u00e4, M., Schobesberger, S., Rantala, P., Franchin, A., Jokinen, T., J\u00e4rvinen, E., \u00c4ij\u00e4l\u00e4, M., Kangasluoma, J., Hakala, J., Aalto, P.P., Paasonen, P., Mikkil\u00e4, J., Vanhanen, J., Aalto, J., Hakola, H., Makkonen, U., Ruuskanen, T., Mauldin III, R.L., Duplissy, J., Vehkam\u00e4ki, H., B\u00e4ck, J., Kortelainen, A., Riipinen, I., Kurt\u00e9n, T., Johnston, M.V., Smith, J.N., Ehn, M., Mentel, T.F., Lehtinen, K.E.J., Laaksonen, A., Kerminen, V.-M., Worsnop., D.R.: <a href=\"http:\/\/science.sciencemag.org\/content\/sci\/339\/6122\/943.full.pdf\">Direct observations of atmospheric aerosol nucleation<\/a>. <em>Science<\/em>, <strong>339<\/strong>, 943, DOI: 10.1126\/science.1227385, 2013.<\/li>\n\n\n\n<li>Piao, S., Ciais, P., Friedlingstein, P., Peylin, P., Reichstein, M., Luyssaert, S., Margolis, H., Fang, J., Barr, A., Chen, A., Grelle, A., Hollinger, D.Y., Laurila, T., Lindroth, A., Richardson, A.D., and Vesala, T.: <a href=\"https:\/\/www.nature.com\/articles\/nature06444.pdf\">Net carbon dioxide losses of northern ecosystems in response to autumn warming<\/a>. <em>Nature<\/em>, <strong>451<\/strong>, 49\u201353, 2008.<\/li>\n\n\n\n<li>Pumpanen, J., Kolari, P., Ilvesniemi, H., Minkkinen, K., Vesala, T., Niinist\u00f6, S., Lohila, A., Larmola, T., Morero, M., Pihlatie, M., Janssens, I., Yuste, J.C., Gr\u00fcnzweig, J.M., Reth, S., Subke, J.-A., Savage, K., Kutsch, W., \u00d8streng, G., Ziegler, W., Anthoni, P., Lindroth, A., and Hari, P.: <a href=\"https:\/\/ac.els-cdn.com\/S0168192303002934\/1-s2.0-S0168192303002934-main.pdf?_tid=886db017-e124-42cd-83c3-3585512c56f7&amp;acdnat=1525766066_a0b960bde841521200510a150fa9a5ed\">Comparison of different chamber techniques for measuring soil CO<sub>2<\/sub> efflux<\/a>. <em>Agric. Forest Meteorol<\/em>., <strong>123<\/strong>, 159\u2013176, 2004.<\/li>\n<\/ol>\n","protected":false},"excerpt":{"rendered":"","protected":false},"author":1,"featured_media":0,"parent":0,"menu_order":0,"comment_status":"closed","ping_status":"closed","template":"","meta":{"site-sidebar-layout":"default","site-content-layout":"","ast-site-content-layout":"default","site-content-style":"default","site-sidebar-style":"default","ast-global-header-display":"","ast-banner-title-visibility":"","ast-main-header-display":"","ast-hfb-above-header-display":"","ast-hfb-below-header-display":"","ast-hfb-mobile-header-display":"","site-post-title":"","ast-breadcrumbs-content":"","ast-featured-img":"","footer-sml-layout":"","ast-disable-related-posts":"","theme-transparent-header-meta":"","adv-header-id-meta":"","stick-header-meta":"","header-above-stick-meta":"","header-main-stick-meta":"","header-below-stick-meta":"","astra-migrate-meta-layouts":"default","ast-page-background-enabled":"default","ast-page-background-meta":{"desktop":{"background-color":"var(--ast-global-color-4)","background-image":"","background-repeat":"repeat","background-position":"center center","background-size":"auto","background-attachment":"scroll","background-type":"","background-media":"","overlay-type":"","overlay-color":"","overlay-opacity":"","overlay-gradient":""},"tablet":{"background-color":"","background-image":"","background-repeat":"repeat","background-position":"center center","background-size":"auto","background-attachment":"scroll","background-type":"","background-media":"","overlay-type":"","overlay-color":"","overlay-opacity":"","overlay-gradient":""},"mobile":{"background-color":"","background-image":"","background-repeat":"repeat","background-position":"center center","background-size":"auto","background-attachment":"scroll","background-type":"","background-media":"","overlay-type":"","overlay-color":"","overlay-opacity":"","overlay-gradient":""}},"ast-content-background-meta":{"desktop":{"background-color":"var(--ast-global-color-5)","background-image":"","background-repeat":"repeat","background-position":"center center","background-size":"auto","background-attachment":"scroll","background-type":"","background-media":"","overlay-type":"","overlay-color":"","overlay-opacity":"","overlay-gradient":""},"tablet":{"background-color":"var(--ast-global-color-5)","background-image":"","background-repeat":"repeat","background-position":"center center","background-size":"auto","background-attachment":"scroll","background-type":"","background-media":"","overlay-type":"","overlay-color":"","overlay-opacity":"","overlay-gradient":""},"mobile":{"background-color":"var(--ast-global-color-5)","background-image":"","background-repeat":"repeat","background-position":"center center","background-size":"auto","background-attachment":"scroll","background-type":"","background-media":"","overlay-type":"","overlay-color":"","overlay-opacity":"","overlay-gradient":""}},"footnotes":""},"class_list":["post-106","page","type-page","status-publish","hentry"],"_links":{"self":[{"href":"https:\/\/www.atm.helsinki.fi\/globalsmear\/wp-json\/wp\/v2\/pages\/106","targetHints":{"allow":["GET"]}}],"collection":[{"href":"https:\/\/www.atm.helsinki.fi\/globalsmear\/wp-json\/wp\/v2\/pages"}],"about":[{"href":"https:\/\/www.atm.helsinki.fi\/globalsmear\/wp-json\/wp\/v2\/types\/page"}],"author":[{"embeddable":true,"href":"https:\/\/www.atm.helsinki.fi\/globalsmear\/wp-json\/wp\/v2\/users\/1"}],"replies":[{"embeddable":true,"href":"https:\/\/www.atm.helsinki.fi\/globalsmear\/wp-json\/wp\/v2\/comments?post=106"}],"version-history":[{"count":2,"href":"https:\/\/www.atm.helsinki.fi\/globalsmear\/wp-json\/wp\/v2\/pages\/106\/revisions"}],"predecessor-version":[{"id":123,"href":"https:\/\/www.atm.helsinki.fi\/globalsmear\/wp-json\/wp\/v2\/pages\/106\/revisions\/123"}],"wp:attachment":[{"href":"https:\/\/www.atm.helsinki.fi\/globalsmear\/wp-json\/wp\/v2\/media?parent=106"}],"curies":[{"name":"wp","href":"https:\/\/api.w.org\/{rel}","templated":true}]}}