{"id":6,"date":"2023-06-27T06:47:16","date_gmt":"2023-06-27T06:47:16","guid":{"rendered":"http:\/\/www.atm.helsinki.fi\/marjaniemen_hiilinielu\/?page_id=6"},"modified":"2023-06-28T09:28:44","modified_gmt":"2023-06-28T09:28:44","slug":"home","status":"publish","type":"page","link":"https:\/\/www.atm.helsinki.fi\/marjaniemen_hiilinielu\/","title":{"rendered":"Home"},"content":{"rendered":"\n<div class=\"wp-block-cover alignfull\" style=\"min-height:700px;aspect-ratio:unset;\"><span aria-hidden=\"true\" class=\"wp-block-cover__background has-background-dim-0 has-background-dim\"><\/span><img loading=\"lazy\" decoding=\"async\" width=\"2048\" height=\"1152\" class=\"wp-block-cover__image-background wp-image-26\" alt=\"\" src=\"http:\/\/www.atm.helsinki.fi\/marjaniemen_hiilinielu\/wp-content\/uploads\/2023\/06\/IMG-20230613-WA0002.jpg\" data-object-fit=\"cover\"\/><div class=\"wp-block-cover__inner-container is-layout-flow wp-block-cover-is-layout-flow\">\n<div style=\"height:80px\" aria-hidden=\"true\" class=\"wp-block-spacer\"><\/div>\n\n\n\n<h1 class=\"wp-block-heading has-text-align-center has-nv-site-bg-color has-text-color\">Marjaniemen hiilinielu<\/h1>\n\n\n\n<p class=\"has-text-align-center has-text-color\" style=\"color:#121212;font-size:17px\"><\/p>\n\n\n\n<div style=\"height:80px\" aria-hidden=\"true\" class=\"wp-block-spacer\"><\/div>\n\n\n\n<div style=\"height:80px\" aria-hidden=\"true\" class=\"wp-block-spacer\"><\/div>\n\n\n\n<p><\/p>\n<\/div><\/div>\n\n\n\n<div style=\"height:100px\" aria-hidden=\"true\" class=\"wp-block-spacer\"><\/div>\n\n\n\n<p><strong>Mittaamme Marjaniemess\u00e4 siirtolapuutarhan hiilinielua.<\/strong><\/p>\n\n\n\n<p><strong>P\u00e4iv\u00e4saikaan kasvit ottavat ilmakeh\u00e4st\u00e4 hiilidioksidia yhteytyksess\u00e4 ja varastoivat sit\u00e4 kasvin eri osiin sek\u00e4 maaper\u00e4\u00e4n. Puutarha toimii siis kes\u00e4p\u00e4ivin\u00e4 hiilinieluna eli sen hiilivarasto kasvaa p\u00e4iv\u00e4n aikana. Y\u00f6ll\u00e4 hiilidioksidia vapautuu puutarhasta ilmakeh\u00e4\u00e4n, koska kasvit ja maaper\u00e4n hajottajat hengitt\u00e4v\u00e4t. (Ne toki hengitt\u00e4v\u00e4t my\u00f6s p\u00e4iv\u00e4ll\u00e4, mutta silloin yhteytys on hengityst\u00e4 voimakkaampaa.) Y\u00f6ll\u00e4, auringon valon puuttuessa, puutarha on siis hiilidioksidin l\u00e4hde.<\/strong><\/p>\n\n\n\n<p><strong>Hiilidioksidin virtauksia puutarhan ja ilmakeh\u00e4n v\u00e4lill\u00e4 voidaan mitata eri tavoin. Marjaniemess\u00e4 mittaamme puutarhan hiilidioksidivirtauksia py\u00f6rrekovarianssimenetelm\u00e4ll\u00e4. Menetelm\u00e4 perustuu tuulen py\u00f6rteiden ja kaasupitoisuuden havainnointiin puutarhan keskelle pystytetyss\u00e4 mastossa, jonka korkeus on 4.5 metri\u00e4. Saadaksemme tarkempaa tietoa erilaisten kasvilajien hiilinielusta, mittaamme kammiomenetelm\u00e4ll\u00e4 kolmen erilaisen puutarhakasvin hiilivirtauksia. Mittaamme monivuotista mansikkaa, yksivuotista samettikukkaa ja ruohosipulia nelj\u00e4ss\u00e4 eri puutarhassa. Kammiomenetelm\u00e4 perustuu siihen, ett\u00e4 kasvi ja sen alla oleva maaper\u00e4 suljetaan muutamaksi minuutiksi l\u00e4pin\u00e4kyv\u00e4n kammion sis\u00e4lle ja sulkeuman aikana havainnoidaan kammion sis\u00e4ll\u00e4 olevan ilman kaasupitoisuuden muutoksia. Testaamme my\u00f6s kasvien reaktiota valon m\u00e4\u00e4r\u00e4n muutoksiin.<\/strong><\/p>\n\n\n\n<p><strong>Mittaukset ovat osa suurempaa Helsingin yliopiston Ilmakeh\u00e4tieteiden keskuksen (INAR) tutkimuskokonaisuutta, jota toteutetaan mm. seuraavissa projekteissa: ACCC lippulaiva ja KuntaNielu.<\/strong><\/p>\n","protected":false},"excerpt":{"rendered":"<p>Mittaamme Marjaniemess\u00e4 siirtolapuutarhan hiilinielua. P\u00e4iv\u00e4saikaan kasvit ottavat ilmakeh\u00e4st\u00e4 hiilidioksidia yhteytyksess\u00e4 ja varastoivat sit\u00e4 kasvin eri osiin sek\u00e4 maaper\u00e4\u00e4n. Puutarha toimii siis kes\u00e4p\u00e4ivin\u00e4 hiilinieluna eli sen hiilivarasto kasvaa p\u00e4iv\u00e4n aikana. Y\u00f6ll\u00e4 hiilidioksidia vapautuu puutarhasta ilmakeh\u00e4\u00e4n, koska kasvit ja maaper\u00e4n hajottajat hengitt\u00e4v\u00e4t. (Ne toki hengitt\u00e4v\u00e4t my\u00f6s p\u00e4iv\u00e4ll\u00e4, mutta silloin yhteytys on hengityst\u00e4 voimakkaampaa.) Y\u00f6ll\u00e4, auringon valon puuttuessa,&hellip;&nbsp;<a href=\"https:\/\/www.atm.helsinki.fi\/marjaniemen_hiilinielu\/\" rel=\"bookmark\">Read More &raquo;<span class=\"screen-reader-text\">Home<\/span><\/a><\/p>\n","protected":false},"author":1,"featured_media":0,"parent":0,"menu_order":0,"comment_status":"closed","ping_status":"closed","template":"","meta":{"neve_meta_sidebar":"","neve_meta_container":"","neve_meta_enable_content_width":"on","neve_meta_content_width":100,"neve_meta_title_alignment":"","neve_meta_author_avatar":"","neve_post_elements_order":"","neve_meta_disable_header":"","neve_meta_disable_footer":"","neve_meta_disable_title":"on","footnotes":""},"class_list":["post-6","page","type-page","status-publish","hentry"],"_links":{"self":[{"href":"https:\/\/www.atm.helsinki.fi\/marjaniemen_hiilinielu\/index.php?rest_route=\/wp\/v2\/pages\/6","targetHints":{"allow":["GET"]}}],"collection":[{"href":"https:\/\/www.atm.helsinki.fi\/marjaniemen_hiilinielu\/index.php?rest_route=\/wp\/v2\/pages"}],"about":[{"href":"https:\/\/www.atm.helsinki.fi\/marjaniemen_hiilinielu\/index.php?rest_route=\/wp\/v2\/types\/page"}],"author":[{"embeddable":true,"href":"https:\/\/www.atm.helsinki.fi\/marjaniemen_hiilinielu\/index.php?rest_route=\/wp\/v2\/users\/1"}],"replies":[{"embeddable":true,"href":"https:\/\/www.atm.helsinki.fi\/marjaniemen_hiilinielu\/index.php?rest_route=%2Fwp%2Fv2%2Fcomments&post=6"}],"version-history":[{"count":6,"href":"https:\/\/www.atm.helsinki.fi\/marjaniemen_hiilinielu\/index.php?rest_route=\/wp\/v2\/pages\/6\/revisions"}],"predecessor-version":[{"id":45,"href":"https:\/\/www.atm.helsinki.fi\/marjaniemen_hiilinielu\/index.php?rest_route=\/wp\/v2\/pages\/6\/revisions\/45"}],"wp:attachment":[{"href":"https:\/\/www.atm.helsinki.fi\/marjaniemen_hiilinielu\/index.php?rest_route=%2Fwp%2Fv2%2Fmedia&parent=6"}],"curies":[{"name":"wp","href":"https:\/\/api.w.org\/{rel}","templated":true}]}}