{"id":111,"date":"2024-01-08T11:03:16","date_gmt":"2024-01-08T11:03:16","guid":{"rendered":"https:\/\/www.atm.helsinki.fi\/smear_wp\/?page_id=111"},"modified":"2025-02-20T16:59:51","modified_gmt":"2025-02-20T16:59:51","slug":"people-working-with-smear-stations","status":"publish","type":"page","link":"https:\/\/www.atm.helsinki.fi\/smear\/people-working-with-smear-stations\/","title":{"rendered":"People working with SMEAR-stations"},"content":{"rendered":"\n<div class=\"wp-block-cover has-parallax\"><span aria-hidden=\"true\" class=\"wp-block-cover__background has-background-dim\"><\/span><div role=\"img\" class=\"wp-block-cover__image-background wp-image-129 has-parallax\" style=\"background-position:50% 50%;background-image:url(https:\/\/www.atm.helsinki.fi\/smear_wp\/wp-content\/uploads\/2024\/01\/91998-smear_torni.png)\"><\/div><div class=\"wp-block-cover__inner-container is-layout-constrained wp-block-cover-is-layout-constrained\">\n<p class=\"has-text-align-center has-large-font-size\">Station for Measuring Ecosystem-Atmosphere Relations<\/p>\n<\/div><\/div>\n\n\n\n<p><\/p>\n\n\n\n<h2 class=\"wp-block-heading\">Board of directors<\/h2>\n\n\n\n<div class=\"wp-block-columns is-layout-flex wp-container-core-columns-is-layout-28f84493 wp-block-columns-is-layout-flex\">\n<div class=\"wp-block-column is-layout-flow wp-block-column-is-layout-flow\">\n<p><a href=\"https:\/\/www.helsinki.fi\/fi\/contacts\/persons\/markku-kulmala-d4febec83e51f14a9b44885be9941eb9\">Markku Kulmala<br><\/a>Institute of Atmospheric and Earth System Research (INAR)\/Physics<\/p>\n\n\n\n<p>tel. +358 (0)2 941 50756<br>Department of Physics<br>Gustaf H\u00e4llstr\u00f6min katu 2<br>P.O.Box 64<br>FIN-00014 University of Helsinki<br>Finland<\/p>\n<\/div>\n\n\n\n<div class=\"wp-block-column is-layout-flow wp-block-column-is-layout-flow\">\n<p><a href=\"https:\/\/tuhat.halvi.helsinki.fi\/portal\/en\/persons\/jaana-back%281ce02f7b-4ecd-4384-ad8a-439e6ec7aa2a%29.html\">Jaana B\u00e4ck<\/a><br>Institute of Atmospheric and Earth System Research (INAR)\/Forest<\/p>\n\n\n\n<p>tel. +358 (0)2 941 58134<br>Department of Forest Sciences<br>Latokartanonkaari 7<br>P.O.Box 27<br>FIN-00014 University of Helsinki<br>Finland<\/p>\n<\/div>\n<\/div>\n\n\n\n<div class=\"wp-block-columns is-layout-flex wp-container-core-columns-is-layout-28f84493 wp-block-columns-is-layout-flex\">\n<div class=\"wp-block-column is-layout-flow wp-block-column-is-layout-flow\">\n<p><a href=\"http:\/\/www-db2.helsinki.fi\/tto\/puhelin.henkilo.henkilotiedot?id=16998178&amp;kieli=3\">Timo Vesala<br><\/a>Institute of Atmospheric and Earth System Research (INAR)\/Physics, Micrometeorology<\/p>\n\n\n\n<p>tel. +358 (0)2 941 50862<br>Department of Physics<br>Gustaf H\u00e4llstr\u00f6min katu 2<br>P.O.Box 64<br>FIN-00014 University of Helsinki<br>Finland<\/p>\n<\/div>\n\n\n\n<div class=\"wp-block-column is-layout-flow wp-block-column-is-layout-flow\">\n<p><a href=\"https:\/\/tuhat.halvi.helsinki.fi\/portal\/fi\/persons\/tuukka-petaja%28a9f2bbd1-d3ec-4665-b455-b5d5665b123f%29.html\">Tuukka Pet\u00e4j\u00e4<\/a><a href=\"http:\/\/www-db2.helsinki.fi\/tto\/puhelin.henkilo.henkilotiedot?id=16998178&amp;kieli=3\"><br><\/a>Institute of Atmospheric and Earth System Research (INAR)\/Physics<\/p>\n\n\n\n<p>tel +358 (0)2 941 50878<br>Department of Physics<br>Gustaf H\u00e4llstr\u00f6min katu 2<br>P.O.Box 64<br>FIN-00014 University of Helsinki<br>Finland<\/p>\n<\/div>\n<\/div>\n\n\n\n<div class=\"wp-block-columns is-layout-flex wp-container-core-columns-is-layout-28f84493 wp-block-columns-is-layout-flex\">\n<div class=\"wp-block-column is-layout-flow wp-block-column-is-layout-flow\">\n<p><a href=\"https:\/\/researchportal.helsinki.fi\/en\/persons\/mari-pihlatie\">Mari Pihlatie<\/a><br>Institute for Atmospheric and Earth System Research (INAR)\/ Forest Sciences<br>and<br>Environmental Soil Science, Department of Agricultural Sciences<\/p>\n\n\n\n<p>tel +358 (0)2941510<br>University of Helsinki, Finland<br>P.O. Box 56 (Viikinkaari 9)<br>FI-00014 University of Helsinki<\/p>\n<\/div>\n\n\n\n<div class=\"wp-block-column is-layout-flow wp-block-column-is-layout-flow\"><\/div>\n<\/div>\n\n\n\n<h2 class=\"wp-block-heading\">Research Project Coordinators<\/h2>\n\n\n\n<div class=\"wp-block-columns is-layout-flex wp-container-core-columns-is-layout-28f84493 wp-block-columns-is-layout-flex\">\n<div class=\"wp-block-column is-layout-flow wp-block-column-is-layout-flow\">\n<h4 class=\"wp-block-heading\">Atmosphere<\/h4>\n\n\n\n<p><a href=\"https:\/\/www.atm.helsinki.fi\/index.php?option=com_comprofiler&amp;task=userProfile&amp;user=94&amp;Itemid=24\">Pasi Aalto<\/a><br>Institute of Atmospheric and Earth System Research (INAR)\/Physics<\/p>\n\n\n\n<p><a href=\"http:\/\/www-db2.helsinki.fi\/tto\/puhelin.henkilo.henkilotiedot?id=16996749&amp;kieli=3\">Tuukka Pet\u00e4j\u00e4<\/a><br>Institute of Atmospheric and Earth System Research (INAR)\/Physics<br>Aerosol concentrations and size distributions, particle formation<\/p>\n\n\n\n<h4 class=\"wp-block-heading\">Tree<\/h4>\n\n\n\n<p><a href=\"https:\/\/tuhat.halvi.helsinki.fi\/portal\/en\/persons\/jaana-back%281ce02f7b-4ecd-4384-ad8a-439e6ec7aa2a%29.html\">Jaana B\u00e4ck<\/a><br>Institute of Atmospheric and Earth System Research (INAR)\/Forest<br>Ecophysiology, VOC production, tree-atmosphere interactions<\/p>\n<\/div>\n\n\n\n<div class=\"wp-block-column is-layout-flow wp-block-column-is-layout-flow\">\n<h4 class=\"wp-block-heading\">Micrometeorology<\/h4>\n\n\n\n<p><a href=\"http:\/\/www-db2.helsinki.fi\/tto\/puhelin.henkilo.henkilotiedot?id=16998178&amp;kieli=3\">Timo Vesala<\/a><br>Institute of Atmospheric and Earth System Research (INAR)\/Forest, Micrometeorology<\/p>\n\n\n\n<p><\/p>\n\n\n\n<p><\/p>\n\n\n\n<p><\/p>\n\n\n\n<h4 class=\"wp-block-heading\">Soil<\/h4>\n\n\n\n<p><a href=\"http:\/\/www-db2.helsinki.fi\/tto\/puhelin.henkilo.henkilotiedot?id=16996139&amp;kieli=3\">Mari Pihlatie<\/a><br>Institute of Atmospheric and Earth System Research (INAR)\/Forest<br>Soil fluxes of CH<sub>4<\/sub> and N<sub>2<\/sub>O<\/p>\n\n\n\n<p><a href=\"mailto:jussi.heinonsalo@helsinki.fi\">Jussi Heinonsalo<\/a><br>Department of Food and Environmental Sciences<br>Soil microbiology<\/p>\n<\/div>\n<\/div>\n","protected":false},"excerpt":{"rendered":"<p>Board of directors Markku KulmalaInstitute of Atmospheric and Earth System Research (INAR)\/Physics tel. +358 (0)2 941 50756Department of PhysicsGustaf H\u00e4llstr\u00f6min katu 2P.O.Box 64FIN-00014 University of HelsinkiFinland Jaana B\u00e4ckInstitute of Atmospheric and Earth System Research (INAR)\/Forest tel. +358 (0)2 941 58134Department of Forest SciencesLatokartanonkaari 7P.O.Box 27FIN-00014 University of HelsinkiFinland Timo VesalaInstitute of Atmospheric and Earth System [&hellip;]<\/p>\n","protected":false},"author":1,"featured_media":0,"parent":0,"menu_order":0,"comment_status":"closed","ping_status":"closed","template":"","meta":{"site-sidebar-layout":"default","site-content-layout":"","ast-site-content-layout":"default","site-content-style":"default","site-sidebar-style":"default","ast-global-header-display":"","ast-banner-title-visibility":"","ast-main-header-display":"","ast-hfb-above-header-display":"","ast-hfb-below-header-display":"","ast-hfb-mobile-header-display":"","site-post-title":"","ast-breadcrumbs-content":"","ast-featured-img":"","footer-sml-layout":"","ast-disable-related-posts":"","theme-transparent-header-meta":"","adv-header-id-meta":"","stick-header-meta":"","header-above-stick-meta":"","header-main-stick-meta":"","header-below-stick-meta":"","astra-migrate-meta-layouts":"default","ast-page-background-enabled":"default","ast-page-background-meta":{"desktop":{"background-color":"var(--ast-global-color-4)","background-image":"","background-repeat":"repeat","background-position":"center center","background-size":"auto","background-attachment":"scroll","background-type":"","background-media":"","overlay-type":"","overlay-color":"","overlay-opacity":"","overlay-gradient":""},"tablet":{"background-color":"","background-image":"","background-repeat":"repeat","background-position":"center center","background-size":"auto","background-attachment":"scroll","background-type":"","background-media":"","overlay-type":"","overlay-color":"","overlay-opacity":"","overlay-gradient":""},"mobile":{"background-color":"","background-image":"","background-repeat":"repeat","background-position":"center center","background-size":"auto","background-attachment":"scroll","background-type":"","background-media":"","overlay-type":"","overlay-color":"","overlay-opacity":"","overlay-gradient":""}},"ast-content-background-meta":{"desktop":{"background-color":"var(--ast-global-color-5)","background-image":"","background-repeat":"repeat","background-position":"center center","background-size":"auto","background-attachment":"scroll","background-type":"","background-media":"","overlay-type":"","overlay-color":"","overlay-opacity":"","overlay-gradient":""},"tablet":{"background-color":"var(--ast-global-color-5)","background-image":"","background-repeat":"repeat","background-position":"center center","background-size":"auto","background-attachment":"scroll","background-type":"","background-media":"","overlay-type":"","overlay-color":"","overlay-opacity":"","overlay-gradient":""},"mobile":{"background-color":"var(--ast-global-color-5)","background-image":"","background-repeat":"repeat","background-position":"center center","background-size":"auto","background-attachment":"scroll","background-type":"","background-media":"","overlay-type":"","overlay-color":"","overlay-opacity":"","overlay-gradient":""}},"footnotes":""},"class_list":["post-111","page","type-page","status-publish","hentry"],"_links":{"self":[{"href":"https:\/\/www.atm.helsinki.fi\/smear\/wp-json\/wp\/v2\/pages\/111","targetHints":{"allow":["GET"]}}],"collection":[{"href":"https:\/\/www.atm.helsinki.fi\/smear\/wp-json\/wp\/v2\/pages"}],"about":[{"href":"https:\/\/www.atm.helsinki.fi\/smear\/wp-json\/wp\/v2\/types\/page"}],"author":[{"embeddable":true,"href":"https:\/\/www.atm.helsinki.fi\/smear\/wp-json\/wp\/v2\/users\/1"}],"replies":[{"embeddable":true,"href":"https:\/\/www.atm.helsinki.fi\/smear\/wp-json\/wp\/v2\/comments?post=111"}],"version-history":[{"count":4,"href":"https:\/\/www.atm.helsinki.fi\/smear\/wp-json\/wp\/v2\/pages\/111\/revisions"}],"predecessor-version":[{"id":187,"href":"https:\/\/www.atm.helsinki.fi\/smear\/wp-json\/wp\/v2\/pages\/111\/revisions\/187"}],"wp:attachment":[{"href":"https:\/\/www.atm.helsinki.fi\/smear\/wp-json\/wp\/v2\/media?parent=111"}],"curies":[{"name":"wp","href":"https:\/\/api.w.org\/{rel}","templated":true}]}}