{"id":55,"date":"2023-11-30T11:13:34","date_gmt":"2023-11-30T11:13:34","guid":{"rendered":"https:\/\/www.atm.helsinki.fi\/smear_wp\/?page_id=55"},"modified":"2025-02-20T12:37:49","modified_gmt":"2025-02-20T12:37:49","slug":"smear-ii-contact-information","status":"publish","type":"page","link":"https:\/\/www.atm.helsinki.fi\/smear\/smear-ii-contact-information\/","title":{"rendered":"SMEAR II Contact information"},"content":{"rendered":"\n<div class=\"wp-block-cover has-parallax\"><span aria-hidden=\"true\" class=\"wp-block-cover__background has-background-dim\"><\/span><div role=\"img\" class=\"wp-block-cover__image-background wp-image-129 has-parallax\" style=\"background-position:50% 50%;background-image:url(https:\/\/www.atm.helsinki.fi\/smear_wp\/wp-content\/uploads\/2024\/01\/91998-smear_torni.png)\"><\/div><div class=\"wp-block-cover__inner-container is-layout-constrained wp-block-cover-is-layout-constrained\">\n<p class=\"has-text-align-center has-large-font-size\">Station for Measuring Ecosystem-Atmosphere Relations<\/p>\n<\/div><\/div>\n\n\n\n<p><strong>SMEAR II<\/strong><\/p>\n\n\n\n<p>Hyyti\u00e4l\u00e4 forest station<br>Hyyti\u00e4l\u00e4ntie 124<br>35500 Korkeakoski<br>Finland<\/p>\n\n\n\n<p>Telephone 02941 20751<br>Email <a href=\"mailto:hyytiala-info@helsinki.fi\">hyytiala-info@helsinki.fi<\/a><\/p>\n\n\n\n<p>Field Manager <a href=\"mailto:pauliina.schiestl-aalto@helsinki.fi\">Pauliina Schiestl-Aalto<\/a> (all SMEAR II technical questions)<\/p>\n\n\n\n<ul class=\"wp-block-list\">\n<li>See <strong><a href=\"https:\/\/www.helsinki.fi\/en\/research-stations\/hyytiala-forest-station\" target=\"_blank\" rel=\"noreferrer noopener\">Hyyti\u00e4l\u00e4 forest station<\/a><\/strong><a href=\"http:\/\/www.helsinki.fi\/hyytiala\/english\/index.htm\" target=\"_blank\" rel=\"noreferrer noopener\"> <\/a>-homepage for more information (maps, facilities etc.)<\/li>\n\n\n\n<li><a href=\"http:\/\/maps.google.com\/maps\/ms?ie=UTF8&amp;hl=en&amp;msa=0&amp;msid=114942432679894618050.000448db6492dce97d9c2&amp;ll=61.843717,24.283819&amp;spn=0.02989,0.058708&amp;z=14\" target=\"_blank\" rel=\"noreferrer noopener\"><strong>SMEAR II and Hyyti\u00e4l\u00e4 forest station in Google Maps<\/strong><\/a><\/li>\n\n\n\n<li><strong><a href=\"http:\/\/www.hiilipuu.fi\/fi\/artikkelit\/mittausasema-smear-ii\">Take a look at the map of the SMEAR II<\/a><\/strong><\/li>\n<\/ul>\n\n\n\n<figure class=\"wp-block-image size-full\"><img loading=\"lazy\" decoding=\"async\" width=\"500\" height=\"392\" src=\"https:\/\/www.atm.helsinki.fi\/smear_wp\/wp-content\/uploads\/2023\/11\/hyytiala_from_air.jpg\" alt=\"Hyyti\u00e4l\u00e4 Forestry Field Station and Lake Kuivaj\u00e4rvi\" class=\"wp-image-56\"\/><figcaption class=\"wp-element-caption\">Hyyti\u00e4l\u00e4 Forestry Field Station and Lake Kuivaj\u00e4rvi<\/figcaption><\/figure>\n","protected":false},"excerpt":{"rendered":"<p>SMEAR II Hyyti\u00e4l\u00e4 forest stationHyyti\u00e4l\u00e4ntie 12435500 KorkeakoskiFinland Telephone 02941 20751Email hyytiala-info@helsinki.fi Field Manager Pauliina Schiestl-Aalto (all SMEAR II technical questions)<\/p>\n","protected":false},"author":1,"featured_media":0,"parent":0,"menu_order":0,"comment_status":"closed","ping_status":"closed","template":"","meta":{"site-sidebar-layout":"default","site-content-layout":"","ast-site-content-layout":"default","site-content-style":"default","site-sidebar-style":"default","ast-global-header-display":"","ast-banner-title-visibility":"","ast-main-header-display":"","ast-hfb-above-header-display":"","ast-hfb-below-header-display":"","ast-hfb-mobile-header-display":"","site-post-title":"","ast-breadcrumbs-content":"","ast-featured-img":"","footer-sml-layout":"","ast-disable-related-posts":"","theme-transparent-header-meta":"","adv-header-id-meta":"","stick-header-meta":"","header-above-stick-meta":"","header-main-stick-meta":"","header-below-stick-meta":"","astra-migrate-meta-layouts":"default","ast-page-background-enabled":"default","ast-page-background-meta":{"desktop":{"background-color":"var(--ast-global-color-4)","background-image":"","background-repeat":"repeat","background-position":"center center","background-size":"auto","background-attachment":"scroll","background-type":"","background-media":"","overlay-type":"","overlay-color":"","overlay-opacity":"","overlay-gradient":""},"tablet":{"background-color":"","background-image":"","background-repeat":"repeat","background-position":"center center","background-size":"auto","background-attachment":"scroll","background-type":"","background-media":"","overlay-type":"","overlay-color":"","overlay-opacity":"","overlay-gradient":""},"mobile":{"background-color":"","background-image":"","background-repeat":"repeat","background-position":"center center","background-size":"auto","background-attachment":"scroll","background-type":"","background-media":"","overlay-type":"","overlay-color":"","overlay-opacity":"","overlay-gradient":""}},"ast-content-background-meta":{"desktop":{"background-color":"var(--ast-global-color-5)","background-image":"","background-repeat":"repeat","background-position":"center center","background-size":"auto","background-attachment":"scroll","background-type":"","background-media":"","overlay-type":"","overlay-color":"","overlay-opacity":"","overlay-gradient":""},"tablet":{"background-color":"var(--ast-global-color-5)","background-image":"","background-repeat":"repeat","background-position":"center center","background-size":"auto","background-attachment":"scroll","background-type":"","background-media":"","overlay-type":"","overlay-color":"","overlay-opacity":"","overlay-gradient":""},"mobile":{"background-color":"var(--ast-global-color-5)","background-image":"","background-repeat":"repeat","background-position":"center center","background-size":"auto","background-attachment":"scroll","background-type":"","background-media":"","overlay-type":"","overlay-color":"","overlay-opacity":"","overlay-gradient":""}},"footnotes":""},"class_list":["post-55","page","type-page","status-publish","hentry"],"_links":{"self":[{"href":"https:\/\/www.atm.helsinki.fi\/smear\/wp-json\/wp\/v2\/pages\/55","targetHints":{"allow":["GET"]}}],"collection":[{"href":"https:\/\/www.atm.helsinki.fi\/smear\/wp-json\/wp\/v2\/pages"}],"about":[{"href":"https:\/\/www.atm.helsinki.fi\/smear\/wp-json\/wp\/v2\/types\/page"}],"author":[{"embeddable":true,"href":"https:\/\/www.atm.helsinki.fi\/smear\/wp-json\/wp\/v2\/users\/1"}],"replies":[{"embeddable":true,"href":"https:\/\/www.atm.helsinki.fi\/smear\/wp-json\/wp\/v2\/comments?post=55"}],"version-history":[{"count":5,"href":"https:\/\/www.atm.helsinki.fi\/smear\/wp-json\/wp\/v2\/pages\/55\/revisions"}],"predecessor-version":[{"id":176,"href":"https:\/\/www.atm.helsinki.fi\/smear\/wp-json\/wp\/v2\/pages\/55\/revisions\/176"}],"wp:attachment":[{"href":"https:\/\/www.atm.helsinki.fi\/smear\/wp-json\/wp\/v2\/media?parent=55"}],"curies":[{"name":"wp","href":"https:\/\/api.w.org\/{rel}","templated":true}]}}