{"id":258,"date":"2021-05-14T09:36:46","date_gmt":"2021-05-14T09:36:46","guid":{"rendered":"https:\/\/www.atm.helsinki.fi\/turnee\/?page_id=258"},"modified":"2021-10-01T14:27:11","modified_gmt":"2021-10-01T14:27:11","slug":"henkilot","status":"publish","type":"page","link":"https:\/\/www.atm.helsinki.fi\/turnee\/index.php\/henkilot\/","title":{"rendered":"Henkil\u00f6t"},"content":{"rendered":"\n<p>Tutkijat<\/p>\n\n\n\n<p><strong>Annalea Lohila <\/strong>(FT), apulaisprofessori. Ilmakeh\u00e4tieteiden keskus (INAR) Helsingin yliopisto  <\/p>\n\n\n\n<p>Annalea on ilmakeh\u00e4-ekosysteemi-vuorovaikutusten ja turvemaiden k\u00e4yt\u00f6n ilmastovaikutusten asiantuntija. H\u00e4n toimii hankkeen koordinaattorina ja johtaa mittausasemien rakentamista sek\u00e4 ohjaa v\u00e4it\u00f6skirja- ja postdoc ty\u00f6ntekij\u00f6it\u00e4. <\/p>\n\n\n\n<p><strong>Tuukka Pet\u00e4j\u00e4 <\/strong>(FT), professori. Ilmakeh\u00e4tieteiden keskus (INAR) Helsingin yliopisto<\/p>\n\n\n\n<p>Tuukka on ilmakeh\u00e4n aerosolien mittaamisen ja pienhiukkasten ilmastovaikutusten asiantuntija ja ACTRIS-Suomen ja SMEAR-mittausverkoston johtaja. H\u00e4n vastaa hankkeessa aerosoleihin liittyvist\u00e4 mittauksista koealoilla sek\u00e4 data-analyysist\u00e4 liittyen ilmakeh\u00e4n, aerosolien ja ilmaston v\u00e4lisiin palautemekanismeihin.<\/p>\n\n\n\n<p><strong>Olli-Pekka Siira<\/strong> (FT), tutkijatohtori. Ilmakeh\u00e4tieteiden keskus (INAR) Helsingin yliopisto<\/p>\n\n\n\n<p>Olli-Pekka on luonnon ekosysteemikehityksen asiantuntija. H\u00e4n toimii hankesihteerin\u00e4. <\/p>\n\n\n\n<p><strong>Kari Minkkinen<\/strong> (FT), dosentti, yliopistonlehtori.  Maatalous-mets\u00e4tieteellinen tiedekunta, Helsingin yliopisto. <\/p>\n\n\n\n<p>Kari on tutkinut soiden k\u00e4yt\u00f6n hiilenkiertovaikutuksia vuodesta 1993 l\u00e4htien<\/p>\n\n\n\n<p><strong>Paavo Ojanen<\/strong> (FT), yliopistotutkija.  Maatalous-mets\u00e4tieteellinen tiedekunta, Helsingin yliopisto.<\/p>\n\n\n\n<p>Paavo on turvemaiden KHK-kierron ja ilmastovaikutusten asiantuntija.<\/p>\n\n\n\n<p><strong>Harri Vasander<\/strong> (FT), professori. Maatalous-mets\u00e4tieteellinen tiedekunta, Helsingin yliopisto.<\/p>\n\n\n\n<p>Harri on kokenut suoekologian tutkija ja yksi ensimm\u00e4isist\u00e4 soiden ennallistamisen tutkijoista maassamme. <\/p>\n\n\n\n<p><strong>Tuula Aalto <\/strong>(FT), dosentti. Ilmatieteen laitos, Ilmastoj\u00e4rjestelm\u00e4tutkimus.<\/p>\n\n\n\n<p>Tuula johtaa hiilen kierron tutkimusryhm\u00e4\u00e4 ja on johtanut useita tutkimushankkeita ja osallistunut laajasti tutkimusyhteisty\u00f6h\u00f6n. H\u00e4n osallistuu mallisimulointien suunnitteluun ja tulosten analysointiin sek\u00e4 vastaa ilmastovaikutusten kokonaisanalyysin valmistumisesta. <\/p>\n\n\n\n<p><strong>Juha-Pekka Tuovinen<\/strong> (FT), erikoistutkija. Ilmatieteen laitos, Ilmastoj\u00e4rjestelm\u00e4tutkimus.<\/p>\n\n\n\n<p>Juha-Pekka on kokenut ilmasto- ja KHK-tutkija. H\u00e4n vastaa s\u00e4teilypakotelaskennasta. <\/p>\n\n\n\n<p><strong>Jarmo M\u00e4kel\u00e4 <\/strong>(FT), tutkijatohtori. Ilmatieteen laitos, Ilmastoj\u00e4rjestelm\u00e4tutkimus. <\/p>\n\n\n\n<p>Jarmo vastaa mallisimulointien k\u00e4yt\u00e4nn\u00f6n toteuttamisesta sek\u00e4 osallistuu julkaisujen tekoon.<\/p>\n\n\n\n<p><strong>Hannu Marttila<\/strong> (FT), apulaisprofessori. Oulun yliopisto, Vesi- energia- ja ymp\u00e4rist\u00f6tekniikan tutkimusyksikk\u00f6<\/p>\n\n\n\n<p>Hannu johtaa pohjoinen hydrologia -ryhm\u00e4\u00e4 ja on toiminut aktiivisesti poikkitieteellisiss\u00e4 hankkeissa liittyen soiden hydrologiaan, maank\u00e4ytt\u00f6\u00f6n sek\u00e4 vesist\u00f6vaikutuksiin. H\u00e4n koordinoi TP3:a sek\u00e4 ohjaa v\u00e4it\u00f6skirja- ja postdoc-ty\u00f6ntekij\u00f6it\u00e4. <\/p>\n\n\n\n<p><strong>Anna-Kaisa Ronkanen<\/strong> (FT),  yliopistolehtori. Oulun yliopisto, Vesi- energia- ja ymp\u00e4rist\u00f6tekniikan tutkimusyksikk\u00f6<\/p>\n\n\n\n<p>Anna-Kaisa on vesiensuojelun ja turvemaiden asiantuntija ja johtaa Oulun yliopiston osuutta Hydrologia-Life hankkeessa. H\u00e4n osallistuu TP3 toteutukseen ja aineiston k\u00e4sittelyyn. <\/p>\n\n\n\n<p><strong>Lauri Ikkala<\/strong> (FM), v\u00e4it\u00f6skirjatutkija. Oulun yliopisto, Vesi- energia- ja ymp\u00e4rist\u00f6tekniikan tutkimusyksikk\u00f6<\/p>\n\n\n\n<p>Lauri kehitt\u00e4\u00e4 v\u00e4it\u00f6skirjassaan drone-pohjaista menetelm\u00e4\u00e4 arvioimaan soiden ennallistamisen vaikutuksia ja hanke hy\u00f6dynt\u00e4\u00e4 osittain h\u00e4nen koekohteitaan.<\/p>\n\n\n\n<p><strong>Kari Laasasenaho<\/strong> (FT), erityisasiantuntija, post doc-tutkija. Sein\u00e4joen ammattikorkeakoulu<\/p>\n\n\n\n<p>Karin erityisosaamista ovat suonpohjien eri j\u00e4lkik\u00e4ytt\u00f6muodot, paikkatieto sek\u00e4 kiertotalous. Lis\u00e4ksi SeAMKissa on tehty alueella oikeudenmukaisen siirtym\u00e4n sidosryhm\u00e4ty\u00f6t\u00e4. <\/p>\n\n\n\n<p><strong>Juha Tiainen<\/strong> (MMM),  agrologiopetuksen mets\u00e4talouden lehtori. Sein\u00e4joen ammattikorkeakoulu<\/p>\n\n\n\n<p>Juhan erityisosaamista ovat droonikuvaukset, mets\u00e4nhoito ja puunkorjuu. <\/p>\n\n\n\n<p><strong>Risto Lauhanen<\/strong> (MMT),  erityisasiantuntija, dosentti. Sein\u00e4joen ammattikorkeakoulu<\/p>\n\n\n\n<p>Riston osaamisalaa ovat suometsien hoito ja soiden j\u00e4lkik\u00e4ytt\u00f6. <\/p>\n\n\n\n<p><\/p>\n\n\n\n<p>Ohjausryhm\u00e4<\/p>\n\n\n\n<p><strong>Eeva-Stiina Tuittila<\/strong>, professori. It\u00e4-Suomen yliopisto,<\/p>\n\n\n\n<p><strong>Silja Pitk\u00e4nen-Arte<\/strong>, kest\u00e4v\u00e4n kehityksen p\u00e4\u00e4llikk\u00f6. Mets\u00e4 Group<\/p>\n\n\n\n<p><strong>Lasse Aro<\/strong>, tutkija. Luonnonvarakeskus<\/p>\n\n\n\n<p><strong>Anne Polso<\/strong>, ryhm\u00e4p\u00e4\u00e4llikk\u00f6. ELY-keskus<\/p>\n\n\n\n<p><strong>Hannu Salo<\/strong>, toimialap\u00e4\u00e4llikk\u00f6. Bioenergia ry<\/p>\n\n\n\n<p><strong>Markku Kulmala<\/strong>, akatemiaprofessori, johtaja. INAR\/ACCC Helsingin yliopisto<\/p>\n\n\n\n<p><strong>Satu Rantala,<\/strong> neuvotteleva virkamies. Maa- ja mets\u00e4talousministeri\u00f6<\/p>\n\n\n\n<p><strong>Marjaana Suorsa<\/strong>, ohjelmap\u00e4\u00e4llikk\u00f6, Maa- ja mets\u00e4talousministeri\u00f6<\/p>\n\n\n\n<p><\/p>\n","protected":false},"excerpt":{"rendered":"<p>Tutkijat Annalea Lohila (FT), apulaisprofessori. Ilmakeh\u00e4tieteiden keskus (INAR) Helsingin yliopisto Annalea on ilmakeh\u00e4-ekosysteemi-vuorovaikutusten ja turvemaiden k\u00e4yt\u00f6n ilmastovaikutusten asiantuntija. H\u00e4n toimii hankkeen koordinaattorina ja johtaa mittausasemien rakentamista sek\u00e4 ohjaa v\u00e4it\u00f6skirja- ja postdoc ty\u00f6ntekij\u00f6it\u00e4. Tuukka Pet\u00e4j\u00e4 (FT), professori. Ilmakeh\u00e4tieteiden keskus (INAR) Helsingin yliopisto Tuukka on ilmakeh\u00e4n aerosolien mittaamisen ja pienhiukkasten ilmastovaikutusten asiantuntija ja ACTRIS-Suomen ja SMEAR-mittausverkoston johtaja.&hellip;&nbsp;<a href=\"https:\/\/www.atm.helsinki.fi\/turnee\/index.php\/henkilot\/\" rel=\"bookmark\">Read More &raquo;<span class=\"screen-reader-text\">Henkil\u00f6t<\/span><\/a><\/p>\n","protected":false},"author":1,"featured_media":0,"parent":0,"menu_order":0,"comment_status":"closed","ping_status":"closed","template":"","meta":{"neve_meta_sidebar":"full-width","neve_meta_container":"","neve_meta_enable_content_width":"on","neve_meta_content_width":100,"neve_meta_title_alignment":"","neve_meta_author_avatar":"","neve_post_elements_order":"","neve_meta_disable_header":"","neve_meta_disable_footer":"","neve_meta_disable_title":"","footnotes":""},"class_list":["post-258","page","type-page","status-publish","hentry"],"_links":{"self":[{"href":"https:\/\/www.atm.helsinki.fi\/turnee\/index.php\/wp-json\/wp\/v2\/pages\/258","targetHints":{"allow":["GET"]}}],"collection":[{"href":"https:\/\/www.atm.helsinki.fi\/turnee\/index.php\/wp-json\/wp\/v2\/pages"}],"about":[{"href":"https:\/\/www.atm.helsinki.fi\/turnee\/index.php\/wp-json\/wp\/v2\/types\/page"}],"author":[{"embeddable":true,"href":"https:\/\/www.atm.helsinki.fi\/turnee\/index.php\/wp-json\/wp\/v2\/users\/1"}],"replies":[{"embeddable":true,"href":"https:\/\/www.atm.helsinki.fi\/turnee\/index.php\/wp-json\/wp\/v2\/comments?post=258"}],"version-history":[{"count":9,"href":"https:\/\/www.atm.helsinki.fi\/turnee\/index.php\/wp-json\/wp\/v2\/pages\/258\/revisions"}],"predecessor-version":[{"id":321,"href":"https:\/\/www.atm.helsinki.fi\/turnee\/index.php\/wp-json\/wp\/v2\/pages\/258\/revisions\/321"}],"wp:attachment":[{"href":"https:\/\/www.atm.helsinki.fi\/turnee\/index.php\/wp-json\/wp\/v2\/media?parent=258"}],"curies":[{"name":"wp","href":"https:\/\/api.w.org\/{rel}","templated":true}]}}