{"id":260,"date":"2021-05-14T09:37:08","date_gmt":"2021-05-14T09:37:08","guid":{"rendered":"https:\/\/www.atm.helsinki.fi\/turnee\/?page_id=260"},"modified":"2021-06-01T11:19:09","modified_gmt":"2021-06-01T11:19:09","slug":"tyopaketit","status":"publish","type":"page","link":"https:\/\/www.atm.helsinki.fi\/turnee\/index.php\/tyopaketit\/","title":{"rendered":"Ty\u00f6paketit"},"content":{"rendered":"\n<p>Ty\u00f6paketti 1 <\/p>\n\n\n\n<p>Suometsien ja suonpohjien ennallistamisen ilmastovaikutukset<\/p>\n\n\n\n<p><\/p>\n\n\n\n<p>Ty\u00f6paketti 2 <\/p>\n\n\n\n<p>Suonpohjien metsityksen ilmastovaikutukset<\/p>\n\n\n\n<p><\/p>\n\n\n\n<p>Ty\u00f6paketti 3 <\/p>\n\n\n\n<p>Ennallistamisen ja metsitt\u00e4misen vesist\u00f6vaikutukset<\/p>\n\n\n\n<p><\/p>\n\n\n\n<p>Ty\u00f6paketti 4 <\/p>\n\n\n\n<p>Turvemaiden k\u00e4yt\u00f6n kokonaisilmasto- ja vesist\u00f6vaikutus matkalla kohti hiilineutraaliutta<\/p>\n","protected":false},"excerpt":{"rendered":"<p>Ty\u00f6paketti 1 Suometsien ja suonpohjien ennallistamisen ilmastovaikutukset Ty\u00f6paketti 2 Suonpohjien metsityksen ilmastovaikutukset Ty\u00f6paketti 3 Ennallistamisen ja metsitt\u00e4misen vesist\u00f6vaikutukset Ty\u00f6paketti 4 Turvemaiden k\u00e4yt\u00f6n kokonaisilmasto- ja vesist\u00f6vaikutus matkalla kohti hiilineutraaliutta<\/p>\n","protected":false},"author":1,"featured_media":0,"parent":0,"menu_order":0,"comment_status":"closed","ping_status":"closed","template":"","meta":{"neve_meta_sidebar":"full-width","neve_meta_container":"","neve_meta_enable_content_width":"on","neve_meta_content_width":100,"neve_meta_title_alignment":"","neve_meta_author_avatar":"","neve_post_elements_order":"","neve_meta_disable_header":"","neve_meta_disable_footer":"","neve_meta_disable_title":"","footnotes":""},"class_list":["post-260","page","type-page","status-publish","hentry"],"_links":{"self":[{"href":"https:\/\/www.atm.helsinki.fi\/turnee\/index.php\/wp-json\/wp\/v2\/pages\/260","targetHints":{"allow":["GET"]}}],"collection":[{"href":"https:\/\/www.atm.helsinki.fi\/turnee\/index.php\/wp-json\/wp\/v2\/pages"}],"about":[{"href":"https:\/\/www.atm.helsinki.fi\/turnee\/index.php\/wp-json\/wp\/v2\/types\/page"}],"author":[{"embeddable":true,"href":"https:\/\/www.atm.helsinki.fi\/turnee\/index.php\/wp-json\/wp\/v2\/users\/1"}],"replies":[{"embeddable":true,"href":"https:\/\/www.atm.helsinki.fi\/turnee\/index.php\/wp-json\/wp\/v2\/comments?post=260"}],"version-history":[{"count":2,"href":"https:\/\/www.atm.helsinki.fi\/turnee\/index.php\/wp-json\/wp\/v2\/pages\/260\/revisions"}],"predecessor-version":[{"id":279,"href":"https:\/\/www.atm.helsinki.fi\/turnee\/index.php\/wp-json\/wp\/v2\/pages\/260\/revisions\/279"}],"wp:attachment":[{"href":"https:\/\/www.atm.helsinki.fi\/turnee\/index.php\/wp-json\/wp\/v2\/media?parent=260"}],"curies":[{"name":"wp","href":"https:\/\/api.w.org\/{rel}","templated":true}]}}