{"id":262,"date":"2021-05-14T09:37:25","date_gmt":"2021-05-14T09:37:25","guid":{"rendered":"https:\/\/www.atm.helsinki.fi\/turnee\/?page_id=262"},"modified":"2022-10-03T08:59:24","modified_gmt":"2022-10-03T08:59:24","slug":"ajankohtaista","status":"publish","type":"page","link":"https:\/\/www.atm.helsinki.fi\/turnee\/index.php\/ajankohtaista\/","title":{"rendered":"Ajankohtaista"},"content":{"rendered":"\n<p><\/p>\n\n\n\n<p><strong>12.10.2022 <\/strong>TURNEE-hankkeen ohjausryhm\u00e4n kokous<\/p>\n\n\n\n<p><strong>15.12. 2021 Hiilest\u00e4 kiinni hankkeiden nuorten tutkijoiden tapaaminen<\/strong><\/p>\n\n\n\n<p>Lis\u00e4tietoja: ohjelmap\u00e4\u00e4llikk\u00f6 Marjaana Suorsa<\/p>\n\n\n\n<p><strong>16.11.2021 Naarasnevan havaintoaseman sivu avattu<\/strong><\/p>\n\n\n\n<p>Ajantasainen havaintotieto l\u00f6ytyy t\u00e4m\u00e4n kotisivuston v\u00e4lilehdelt\u00e4. <\/p>\n\n\n\n<p><strong>3.11.2021 Hiilest\u00e4 kiinni T&amp;I-hankkeiden sidosryhm\u00e4- ja vaikuttavuustilaisuus<\/strong><\/p>\n\n\n\n<p>Maa- ja mets\u00e4talousministeri\u00f6ll\u00e4, Maariankatu 9, Helsinki<\/p>\n\n\n\n<p><strong>26.10.2021 Soinin Naarasnevan havaintoaseman mittaustietoja n\u00e4ht\u00e4vill\u00e4: <\/strong><\/p>\n\n\n\n<p><a href=\"https:\/\/wiki.helsinki.fi\/display\/SMEAR\/Naarasneva+EC\">Naarasneva EC &#8211; SMEAR Wikispace &#8211; University of Helsinki Confluence<\/a><\/p>\n\n\n\n<p><strong>25.-26.10.2021 Retki TURNEE-hankkeen maastomittauskohteille<\/strong><\/p>\n\n\n\n<p>Lis\u00e4tietoja ja ilmoittautumiset: kari.laasasenaho@seamk.fi, p. 040 6807631<\/p>\n\n\n\n<p><strong>30.9.2021 Ohjausryhm\u00e4n kokous<\/strong><\/p>\n\n\n\n<p><strong>20.9.2021 Tutkijaryhm\u00e4n kokous<\/strong><\/p>\n\n\n\n<p><strong>14.9.2021 Hanketiedote<\/strong><\/p>\n\n\n\n<p><strong>Suometsien ennallistamisen ja suonpohjien metsitt\u00e4misen ilmastovaikutukset<\/strong><\/p>\n\n\n\n<p>Maa- ja mets\u00e4talousministeri\u00f6n Hiilest\u00e4 kiinni -ohjelman rahoittamassa TURNEE-hankkeessa selvitet\u00e4\u00e4n uusien mittauksien ja mallinnuksen avulla, kuinka paljon maank\u00e4ytt\u00f6sektorin kasvihuonekaasup\u00e4\u00e4st\u00f6j\u00e4 voidaan pienent\u00e4\u00e4 rehevi\u00e4 turvemetsi\u00e4 ennallistamalla, ja toisaalta kuinka paljon hiilinieluja voidaan kasvattaa metsitt\u00e4m\u00e4ll\u00e4 k\u00e4yt\u00f6st\u00e4 poistettuja suonpohjia. &nbsp;<\/p>\n\n\n\n<p>TURNEE on Helsingin yliopiston Ilmakeh\u00e4tieteiden keskuksen (UHelsinki-INAR) ja mets\u00e4tieteiden osaston (UHelsinki-Mets\u00e4), Ilmatieteen laitoksen Ilmastoj\u00e4rjestelm\u00e4tutkimuksen (IL-Ilmasto), Oulun yliopiston Vesi-energia-ymp\u00e4rist\u00f6tekniikan tutkimusyksik\u00f6n (UOulu-Vesi) ja Sein\u00e4joen ammattikorkeakoulun (SeAMK) yhteinen hanke.<\/p>\n\n\n\n<p>Soinin Naarasnevalle pystytettiin kes\u00e4n 2021 aikana metsityksen ilmastovaikutuksia mittaava havaintoasema. Naarasnevan asemalla mitataan jatkuvatoimisesti 1) metsitett\u00e4v\u00e4n alueen ja ilmakeh\u00e4n v\u00e4lisi\u00e4 kasvihuonekaasutaseita, 2) puiden ja muun kasvillisuuden muodostamia orgaanisia h\u00f6yryj\u00e4 ja siit\u00e4 seuraavaa pienhiukkasten muodostumista, 3) maanpinnan heijastavuutta eli albedoa ja 4) vesist\u00f6p\u00e4\u00e4st\u00f6j\u00e4.<\/p>\n\n\n\n<p>Toinen jatkuvatoiminen havaintoasema on rakenteilla Tammelaan. Siell\u00e4 selvitet\u00e4\u00e4n rehev\u00e4n suomets\u00e4n ennallistamisen ilmastovaikutuksia mittaamalla sek\u00e4 CO2- ett\u00e4 CH4-taseita.<\/p>\n\n\n\n<p>Lis\u00e4ksi maaper\u00e4n kasvihuonekaasup\u00e4\u00e4st\u00f6j\u00e4 mitataan lukuisilla koealoilla t\u00e4t\u00e4 tarkoitusta varten suunnitelluilla kammioilla. Kohteilta otetaan s\u00e4\u00e4nn\u00f6llisesti my\u00f6s maa- ja vesin\u00e4ytteit\u00e4. Kammiomittauspaikoilta otetaan my\u00f6s maan\u00e4ytteit\u00e4 sek\u00e4 s\u00e4\u00e4nn\u00f6llisesti vesin\u00e4ytteit\u00e4. Kammiomittauksissa ja vesin\u00e4yteker\u00e4yksiss\u00e4 on 27 ennallistettua, 6 luonnontilaista ja 14 metsitetty\u00e4 kohdetta. Samoilta n\u00e4ytealoilta otetaan my\u00f6s maaper\u00e4profiilin\u00e4ytteet ja irtomaa-ainesn\u00e4ytteet. Vesin\u00e4ytteist\u00e4 analysoidaan kasviravinteita ja liukoisen hiilen pitoisuuksia. Maaper\u00e4n\u00e4ytteist\u00e4 m\u00e4\u00e4ritet\u00e4\u00e4n muun muassa vedenpid\u00e4tyskyky, huokoisuus, maatuneisuusaste sek\u00e4 analysoidaan kasviravinteiden, hiilen ja typen sek\u00e4 raskasmetallien pitoisuuksia.<\/p>\n\n\n\n<p>Mallinnuksen keinoin arvioimme rehevien mets\u00e4ojitettujen soiden ja suonpohjien toimenpidevaihtoehtojen ilmastovaikutukset sek\u00e4 etsimme optimaaliset ratkaisut hiilensidonnan lis\u00e4\u00e4miseksi ja KHK-p\u00e4\u00e4st\u00f6jen v\u00e4hent\u00e4miseksi koko Suomen mittakaavassa. Teemme tulevaisuusskenaariot kaikille Suomen maakunnille ja eri toimenpiteille, jotka valitaan soveltuvuusanalyysin perusteella. Kaikissa skenaarioissa tutkimme, kuinka paljon voidaan v\u00e4hent\u00e4\u00e4 haitallisia ilmasto- ja vesist\u00f6vaikutuksia.<\/p>\n\n\n\n<p>Hankkeesta on laadittu muun muassa seuraavia artikkeleita:<\/p>\n\n\n\n<p>Droonit suonpohjien j\u00e4lkik\u00e4yt\u00f6n suunnittelussa. Bioenergia Nro 3, 11.8.2021 (Laasasenaho, Tiainen, Lauhanen, Siira, Lohila)<\/p>\n\n\n\n<p>TURNEE-hanke mittaa suonpohjien metsityksen hiilensidontaa. Kes\u00e4soinilainen 2021 (Laasasenaho, Lauhanen, Lohila).<\/p>\n\n\n\n<p>Maailmanlaajuisesti ainutlaatuinen mitta-asema Etel\u00e4-Pohjanmaalle. SeAMK kokoomajulkaisu 2021. (Laasasenaho, Lauhanen, Tiainen, Siira, Lohila, Haapanala, Kulmala)<\/p>\n\n\n\n<p>The tour is on &#8211; Catching carbon. Institute for Atmospheric and Earth System Research \u2013 Uhel, INAR Newsletter Nr.78. 23.Apr.2021 (Lohila, Siira)<\/p>\n\n\n\n<p>A new ICOS and ACTRIS compatible observation station on an afforestation site of a cutaway peatland (Naarasneva, Finland). 13rd ICOS Nordic Symposium 23\u201325 November 2021. (Siira, Aalto, Haapanala, Laasasenaho, Lampilahti, Lampim\u00e4ki, Lauhanen, Marttila, Minkkinen, Ojanen, Pet\u00e4j\u00e4, Kulmala, Lohila).<\/p>\n\n\n\n<p>Lis\u00e4tietoja:<\/p>\n\n\n\n<p>UHelsinki-INAR: Annalea Lohila, Olli-Pekka Siira, Tuukka Pet\u00e4j\u00e4, Markus Lampim\u00e4ki, Janne Lampilahti, Markku Kulmala<\/p>\n\n\n\n<p>UHelsinki-Mets\u00e4: Kari Minkkinen, Paavo Ojanen, Harri Vasander<\/p>\n\n\n\n<p>SeAMK: Kari Laasasenaho, Risto Lauhanen<\/p>\n\n\n\n<p>IL-Ilmasto: Tuula Aalto, Tiina Markkanen<\/p>\n\n\n\n<p>UOulu-Vesi: Hannu Marttila, Lassi P\u00e4kkil\u00e4<\/p>\n\n\n\n<p>Tiedotus:<\/p>\n\n\n\n<p>Annalea Lohila, p. 050 3663242, <a href=\"mailto:annalea.lohila@helsinki.fi\">annalea.lohila@helsinki.fi<\/a><\/p>\n\n\n\n<p>Kari Laasasenaho, p. 040 6807631, <a href=\"mailto:kari.laasasenaho@seamk.fi\">kari.laasasenaho@seamk.fi<\/a><\/p>\n\n\n\n<p>Risto Lauhanen, p. 040 8304150, <a href=\"mailto:risto.lauhanen@seamk.fi\">risto.lauhanen@seamk.fi<\/a><\/p>\n\n\n\n<p>Olli-Pekka Siira, p. 050&nbsp;514 1651, <a href=\"mailto:olli-pekka.siira@helsinki.fi\">olli-pekka.siira@helsinki.fi<\/a><\/p>\n\n\n\n<p><\/p>\n\n\n\n<p><strong>24.8.-26.8.2021 Mittausaseman pystytys Soinin Naarasnevalle<\/strong><\/p>\n\n\n\n<p><a href=\"https:\/\/yle.fi\/uutiset\/3-12073417\">Millaisia ilmastop\u00e4\u00e4st\u00f6j\u00e4 tulee vanhalta turvesuolta ja miten metsitys vaikuttaa niihin? T\u00e4t\u00e4 tutkitaan nyt uudella mittausasemalla Etel\u00e4-Pohjanmaalla | Yle Uutiset | yle.fi<\/a><\/p>\n\n\n\n<p><strong>17.6.2021 Hiilest\u00e4 kiinni -hankkeiden k\u00e4ynnistystilaisuus, Catch the Carbon Kickoff<\/strong><\/p>\n\n\n\n<p>Maa- ja mets\u00e4talousministeri\u00f6. <\/p>\n\n\n\n<p><strong>14.6.2021 Kansainv\u00e4linen soiden ennallistamisen seminaari<\/strong><\/p>\n\n\n\n<p>Peatland Ecosystem Restoration<\/p>\n\n\n\n<p>Organizers: International Peatland Society (IPS), and the Institute for Atmospheric and Earth System Research (INAR) University of Helsinki<\/p>\n\n\n\n<p><a href=\"https:\/\/www.worldenvironmentday.global\/\">https:\/\/www.worldenvironmentday.global\/<\/a><\/p>\n\n\n\n<p><blockquote class=\"wp-embedded-content\" data-secret=\"1DS9EJdBua\"><a href=\"https:\/\/peatlands.org\/event\/peatland-restoration-2021\/\">Peatland Restoration 2021<\/a><\/blockquote><iframe loading=\"lazy\" class=\"wp-embedded-content\" sandbox=\"allow-scripts\" security=\"restricted\" style=\"position: absolute; clip: rect(1px, 1px, 1px, 1px);\" title=\"&#8220;Peatland Restoration 2021&#8221; &#8212; International Peatland Society\" src=\"https:\/\/peatlands.org\/event\/peatland-restoration-2021\/embed\/#?secret=VtfhCWnf8b#?secret=1DS9EJdBua\" data-secret=\"1DS9EJdBua\" width=\"600\" height=\"338\" frameborder=\"0\" marginwidth=\"0\" marginheight=\"0\" scrolling=\"no\"><\/iframe><\/p>\n\n\n\n<p><\/p>\n\n\n\n<p><strong>3.6. 2021 Uutinen YLE-Areenassa<\/strong><\/p>\n\n\n\n<p><a href=\"https:\/\/areena.yle.fi\/audio\/1-50833974\">Torstaina klo 10.30 | Audio Areena (yle.fi)<\/a><\/p>\n\n\n\n<p><\/p>\n\n\n\n<p><strong>1.6.2021 Helsingin yliopiston Ilmakeh\u00e4tieteiden keskuksen mitta-asema Soiniin<\/strong><\/p>\n\n\n\n<p>Lehdist\u00f6tiedote<\/p>\n\n\n\n<p>Soinin Naarasnevalle kohoaa kes\u00e4kuussa Helsingin yliopiston mitta-asema. Mitta-aseman tarkoitus on mitata v\u00e4hint\u00e4\u00e4n seuraavien 10 vuoden ajan suonpohjan metsityksen kokonaisilmastovaikutuksia osana Suomen hiilineutraaliustavoitetta v. 2035. Maa- ja mets\u00e4talousministeri\u00f6n Nappaa hiilest\u00e4 kiinni -rahoitusohjelman TURNEE-hankkeessa aloitetaan mitta-aseman rakentaminen Naarasnevan turvetuotannosta vapautuneelle suonpohjalle. TURNEE on Helsingin yliopiston Ilmakeh\u00e4tieteiden keskuksen (INAR) ja mets\u00e4tieteiden osaston sek\u00e4 Ilmatieteen laitoksen, Oulun yliopiston ja Sein\u00e4joen ammattikorkeakoulun yhteinen hanke.<\/p>\n\n\n\n<p>Mitta-asema perustetaan Soiniin, koska alue on sopiva tutkimuksen tekoa varten: Alue on vapautunut juuri Vapon hallinnasta ja vesitalous on metsitykselle sopiva. Alueen koko ja sijainti on logistisesti hyv\u00e4. Lis\u00e4ksi s\u00e4hk\u00f6liittym\u00e4 oli tarjolla riitt\u00e4v\u00e4n edullisesti. Paikka on luonnonmaantieteellisesti edustava, sill\u00e4 ilmasto-oloissa on piirteit\u00e4 juuri niist\u00e4 alueista, joilla turvetuotantoa on eniten. Mitta-asema perustetaan yksityisen maanomistajan alueelle ja h\u00e4nen kanssaan on solmittu 10 vuoden vuokrasopimus alueen tutkimusk\u00e4yt\u00f6st\u00e4. Mittaus ei vaikuta alueen muiden maanomistajien maank\u00e4ytt\u00f6\u00f6n.<\/p>\n\n\n\n<p>Paikalle asennetaan meteorologisia laitteita, k\u00e4yt\u00e4nn\u00f6ss\u00e4 ter\u00e4srakenteisia laitekaappeja enint\u00e4\u00e4n 10 m2 sek\u00e4 kaksi enint\u00e4\u00e4n 5 m korkeaa mittausmastoa. Asemalla mitataan jatkuvatoimisesti 1) metsitetyn alueen ja ilmakeh\u00e4n v\u00e4list\u00e4 kasvihuonekaasujen vaihtoa ja hiilitaseita, 2) puiden ja muun kasvillisuuden muodostamia orgaanisia h\u00f6yryj\u00e4 ja siit\u00e4 seuraavaa pienhiukkasten muodostumista, 3) pinnan albedoa eli heijastavuutta ja 4) vesist\u00f6p\u00e4\u00e4st\u00f6j\u00e4. Laitteet mittaavat ensimm\u00e4isen vuoden aikana paljaan suonpohjan ilmastovaikutuksia ja metsitys tehd\u00e4\u00e4n vasta vuoden 2022 aikana.<\/p>\n\n\n\n<p>T\u00e4ll\u00e4 hetkell\u00e4 suonpohjista arviolta n. 75 % metsitet\u00e4\u00e4n, mutta tilanne voi muuttua turpeen k\u00e4yt\u00f6n v\u00e4hetess\u00e4 nopeasti. Toisaalta j\u00e4lkik\u00e4yt\u00f6n ilmastovaikutuksia on tutkittu vain v\u00e4h\u00e4n, mik\u00e4 oli yksi syy hankkeen rahoitukselle. Maank\u00e4yt\u00f6n ilmastoviisailla ratkaisuilla on suuri potentiaali sitoa hiilt\u00e4, sill\u00e4 turvemaiden oikeanlaisilla k\u00e4sittelytavoilla voidaan saada aikaan merkitt\u00e4vi\u00e4 hiilinieluja.<\/p>\n\n\n\n<p>Kyseess\u00e4 on mit\u00e4 luultavimmin ensimm\u00e4inen kovarianssi -menetelm\u00e4ll\u00e4 (EC) kasvihuonekaasutaseita mittaava asema metsitett\u00e4v\u00e4ll\u00e4 suonpohjalla, mutta aivan varmasti maailman ensimm\u00e4inen sellainen, joka mittaa lis\u00e4ksi my\u00f6s aerosolihiukkasten ilmastovaikutuksia.<\/p>\n\n\n\n<p>Soilla on mitattu ilmastovaikutuksia 90-luvun lopusta l\u00e4htien ja Lapissa sijaitsevalta Ilmatieteen laitoksen Kaamasen mitta-asemalta ker\u00e4tty EC-aikasarja hiilidioksidin taseista lienee soiden osalta maailman pisin. Kansainv\u00e4lisess\u00e4 vertailussa Kanadan Mer Bleue tulee hyv\u00e4n\u00e4 kakkosena. Suomessa ja maailmalla on nyky\u00e4\u00e4n lukuisia luonnontilaisella tai ojitetulla suolla sijaitsevia EC-asemia, mutta metsitett\u00e4v\u00e4lle suonpohjalle nyt perustettava asema on tiedon mukaan maailman ensimm\u00e4inen kokonaisilmastovaikutuksia mittaava asema. Nyt mitataan jopa sit\u00e4, miten auringon s\u00e4teilyn takaisinheijastuma maanpinnasta vaikuttaa ilmastoon metsityksen yhteydess\u00e4.<\/p>\n\n\n\n<p>Lis\u00e4tietoja:<\/p>\n\n\n\n<p>Annalea Lohila p. 050 3663242, <a href=\"mailto:annalea.lohila@helsinki.fi\">annalea.lohila@helsinki.fi<\/a><\/p>\n\n\n\n<p>Kari Laasasenaho, p. 040 6807631 <a href=\"mailto:kari.laasasenaho@seamk.fi\">kari.laasasenaho@seamk.fi<\/a><\/p>\n\n\n\n<p>Risto Lauhanen, p. 040 8304150 <a href=\"mailto:risto.lauhanen@seamk.fi\">risto.lauhanen@seamk.fi<\/a><\/p>\n\n\n\n<p>Markku Kulmala, markku.kulmala@helsinki.fi<\/p>\n\n\n\n<p><strong>19.2.2021 Turnee-hankkeen rahoitus varmistuu<\/strong><\/p>\n\n\n\n<p>Hiilest\u00e4 kiinni &#8211; tutkimus- ja innovaatio-ohjelma 2021-2023, Maa- ja mets\u00e4talousministeri\u00f6<\/p>\n\n\n\n<p><a href=\"https:\/\/mmm.fi\/maankayttosektorin-ilmastosuunnitelma\/tutkimus-ja-innovaatio-ohjelma\">Tutkimus- ja innovaatio-ohjelma &#8211; Maa- ja mets\u00e4talousministeri\u00f6 (mmm.fi)<\/a><\/p>\n\n\n\n<p><\/p>\n\n\n\n<p><\/p>\n\n\n\n<p><\/p>\n\n\n\n<p><\/p>\n\n\n\n<p><\/p>\n\n\n\n<p><\/p>\n","protected":false},"excerpt":{"rendered":"<p>12.10.2022 TURNEE-hankkeen ohjausryhm\u00e4n kokous 15.12. 2021 Hiilest\u00e4 kiinni hankkeiden nuorten tutkijoiden tapaaminen Lis\u00e4tietoja: ohjelmap\u00e4\u00e4llikk\u00f6 Marjaana Suorsa 16.11.2021 Naarasnevan havaintoaseman sivu avattu Ajantasainen havaintotieto l\u00f6ytyy t\u00e4m\u00e4n kotisivuston v\u00e4lilehdelt\u00e4. 3.11.2021 Hiilest\u00e4 kiinni T&amp;I-hankkeiden sidosryhm\u00e4- ja vaikuttavuustilaisuus Maa- ja mets\u00e4talousministeri\u00f6ll\u00e4, Maariankatu 9, Helsinki 26.10.2021 Soinin Naarasnevan havaintoaseman mittaustietoja n\u00e4ht\u00e4vill\u00e4: Naarasneva EC &#8211; SMEAR Wikispace &#8211; University of Helsinki&hellip;&nbsp;<a href=\"https:\/\/www.atm.helsinki.fi\/turnee\/index.php\/ajankohtaista\/\" rel=\"bookmark\">Read More &raquo;<span class=\"screen-reader-text\">Ajankohtaista<\/span><\/a><\/p>\n","protected":false},"author":1,"featured_media":0,"parent":0,"menu_order":0,"comment_status":"closed","ping_status":"closed","template":"","meta":{"neve_meta_sidebar":"full-width","neve_meta_container":"","neve_meta_enable_content_width":"on","neve_meta_content_width":100,"neve_meta_title_alignment":"","neve_meta_author_avatar":"","neve_post_elements_order":"","neve_meta_disable_header":"","neve_meta_disable_footer":"","neve_meta_disable_title":"","footnotes":""},"class_list":["post-262","page","type-page","status-publish","hentry"],"_links":{"self":[{"href":"https:\/\/www.atm.helsinki.fi\/turnee\/index.php\/wp-json\/wp\/v2\/pages\/262","targetHints":{"allow":["GET"]}}],"collection":[{"href":"https:\/\/www.atm.helsinki.fi\/turnee\/index.php\/wp-json\/wp\/v2\/pages"}],"about":[{"href":"https:\/\/www.atm.helsinki.fi\/turnee\/index.php\/wp-json\/wp\/v2\/types\/page"}],"author":[{"embeddable":true,"href":"https:\/\/www.atm.helsinki.fi\/turnee\/index.php\/wp-json\/wp\/v2\/users\/1"}],"replies":[{"embeddable":true,"href":"https:\/\/www.atm.helsinki.fi\/turnee\/index.php\/wp-json\/wp\/v2\/comments?post=262"}],"version-history":[{"count":19,"href":"https:\/\/www.atm.helsinki.fi\/turnee\/index.php\/wp-json\/wp\/v2\/pages\/262\/revisions"}],"predecessor-version":[{"id":355,"href":"https:\/\/www.atm.helsinki.fi\/turnee\/index.php\/wp-json\/wp\/v2\/pages\/262\/revisions\/355"}],"wp:attachment":[{"href":"https:\/\/www.atm.helsinki.fi\/turnee\/index.php\/wp-json\/wp\/v2\/media?parent=262"}],"curies":[{"name":"wp","href":"https:\/\/api.w.org\/{rel}","templated":true}]}}