{"id":329,"date":"2021-11-02T11:30:12","date_gmt":"2021-11-02T11:30:12","guid":{"rendered":"https:\/\/www.atm.helsinki.fi\/turnee\/?page_id=329"},"modified":"2021-11-16T07:31:29","modified_gmt":"2021-11-16T07:31:29","slug":"naarasnevan-mittausasema","status":"publish","type":"page","link":"https:\/\/www.atm.helsinki.fi\/turnee\/index.php\/naarasnevan-mittausasema\/","title":{"rendered":"Naarasnevan mittausasema"},"content":{"rendered":"\n<p><strong><span style=\"color:#2991bd\" class=\"has-inline-color\">ILMAN L\u00c4MP\u00d6TILA<\/span><\/strong><\/p>\n\n\n\n<figure class=\"wp-block-image size-large\"><img decoding=\"async\" src=\"https:\/\/www.atm.helsinki.fi\/pics\/naarasneva\/naarasneva_air_temperature.png\" alt=\"\"\/><\/figure>\n\n\n\n<pre class=\"wp-block-preformatted\">Ilman l\u00e4mp\u00f6tila 0,9 ja 2,9 metrin korkeudella maanpinnasta.\n\n\n<strong><span style=\"color:#2991bd\" class=\"has-inline-color\">HIILIDIOKSIDIVUO<\/span><\/strong><\/pre>\n\n\n\n<figure class=\"wp-block-image size-large\"><img decoding=\"async\" src=\"https:\/\/www.atm.helsinki.fi\/pics\/naarasneva\/naarasneva_co2vuot.png\" alt=\"\"\/><\/figure>\n\n\n\n<pre class=\"wp-block-preformatted\">Hiilidioksidin vaihto suon ja ilmakeh\u00e4n v\u00e4lill\u00e4. Positiivinen arvo kertoo suon olevan hiilidioksidin l\u00e4hde, negatiivinen suon sitovan hiilt\u00e4. Mittaukset tyynell\u00e4 s\u00e4\u00e4ll\u00e4 on korvattu lasketulla hiilidioksidin vaihdolla.\n\n\n<strong><span style=\"color:#2991bd\" class=\"has-inline-color\">ILMAN KOSTEUS<\/span><\/strong><\/pre>\n\n\n\n<figure class=\"wp-block-image size-large\"><img decoding=\"async\" src=\"https:\/\/www.atm.helsinki.fi\/pics\/naarasneva\/naarasneva_ilmankosteus.png\" alt=\"\"\/><\/figure>\n\n\n\n<pre class=\"wp-block-preformatted\">Ilman suhteellinen kosteus 2 m korkeudella maanpinnasta.\n\n\n<span style=\"color:#2991bd\" class=\"has-inline-color\"><strong>MAAPER\u00c4N L\u00c4MP\u00d6TILA<\/strong><\/span><\/pre>\n\n\n\n<figure class=\"wp-block-image size-large\"><img decoding=\"async\" src=\"https:\/\/www.atm.helsinki.fi\/pics\/naarasneva\/naarasneva_maanlampo.png\" alt=\"\"\/><\/figure>\n\n\n\n<pre class=\"wp-block-preformatted\">L\u00e4mp\u00f6tila turpeessa 10 cm syvyydess\u00e4.\n\n\n<strong><span style=\"color:#2991bd\" class=\"has-inline-color\">PILVISYYS<\/span><\/strong><\/pre>\n\n\n\n<figure class=\"wp-block-image size-large\"><img decoding=\"async\" src=\"https:\/\/www.atm.helsinki.fi\/pics\/naarasneva\/naarasneva_pilvisyys.png\" alt=\"\"\/><\/figure>\n\n\n\n<pre class=\"wp-block-preformatted\">Pilvisyys, 0=selke\u00e4, 8=t\u00e4ysin pilvinen.\n\n\n<strong><span style=\"color:#2991bd\" class=\"has-inline-color\">TUULEN SUUNTA<\/span><\/strong><\/pre>\n\n\n\n<figure class=\"wp-block-image size-large\"><img decoding=\"async\" src=\"https:\/\/www.atm.helsinki.fi\/pics\/naarasneva\/naarasneva_tuulensuunta.png\" alt=\"\"\/><\/figure>\n\n\n\n<pre class=\"wp-block-preformatted\">Tuulen suunta 3 m korkeudessa. \n\n\n<strong><span style=\"color:#2991bd\" class=\"has-inline-color\">TUULEN NOPEUS<\/span><\/strong><\/pre>\n\n\n\n<figure class=\"wp-block-image size-large\"><img decoding=\"async\" src=\"https:\/\/www.atm.helsinki.fi\/pics\/naarasneva\/naarasneva_tuulennopeus.png\" alt=\"\"\/><\/figure>\n\n\n\n<pre class=\"wp-block-preformatted\">Tuulen nopeus 3 m korkeudessa.\n\n\n<strong><span style=\"color:#2991bd\" class=\"has-inline-color\">ILMAN HIILIDIOKSIDIPITOISUUS<\/span><\/strong><\/pre>\n\n\n\n<figure class=\"wp-block-image size-large\"><img decoding=\"async\" src=\"https:\/\/www.atm.helsinki.fi\/pics\/naarasneva\/naarasneva_co2.png\" alt=\"\"\/><\/figure>\n\n\n\n<pre class=\"wp-block-preformatted\">Ilman CO2-pitoisuus 3 m korkeudessa.\n\n\n<strong><span style=\"color:#2991bd\" class=\"has-inline-color\">HAIHDUNTA<\/span><\/strong><\/pre>\n\n\n\n<figure class=\"wp-block-image size-large\"><img decoding=\"async\" src=\"https:\/\/www.atm.helsinki.fi\/pics\/naarasneva\/naarasneva_haihdunta.png\" alt=\"\"\/><\/figure>\n\n\n\n<p>Haihdunta. Positiivinen arvo kertoo suosta haihtuvan vett\u00e4, negatiivinen veden tiivistymisest\u00e4 pinnoille eli kasteen muodostumisesta. Mittaukset tyynell\u00e4 s\u00e4\u00e4ll\u00e4 on teknisist\u00e4 syist\u00e4 j\u00e4tetty pois kuvasta.<\/p>\n","protected":false},"excerpt":{"rendered":"<p>ILMAN L\u00c4MP\u00d6TILA Ilman l\u00e4mp\u00f6tila 0,9 ja 2,9 metrin korkeudella maanpinnasta. HIILIDIOKSIDIVUO Hiilidioksidin vaihto suon ja ilmakeh\u00e4n v\u00e4lill\u00e4. Positiivinen arvo kertoo suon olevan hiilidioksidin l\u00e4hde, negatiivinen suon sitovan hiilt\u00e4. Mittaukset tyynell\u00e4 s\u00e4\u00e4ll\u00e4 on korvattu lasketulla hiilidioksidin vaihdolla. ILMAN KOSTEUS Ilman suhteellinen kosteus 2 m korkeudella maanpinnasta. MAAPER\u00c4N L\u00c4MP\u00d6TILA L\u00e4mp\u00f6tila turpeessa 10 cm syvyydess\u00e4. PILVISYYS Pilvisyys, 0=selke\u00e4,&hellip;&nbsp;<a href=\"https:\/\/www.atm.helsinki.fi\/turnee\/index.php\/naarasnevan-mittausasema\/\" rel=\"bookmark\">Read More &raquo;<span class=\"screen-reader-text\">Naarasnevan mittausasema<\/span><\/a><\/p>\n","protected":false},"author":2,"featured_media":0,"parent":0,"menu_order":0,"comment_status":"closed","ping_status":"closed","template":"","meta":{"neve_meta_sidebar":"full-width","neve_meta_container":"","neve_meta_enable_content_width":"on","neve_meta_content_width":100,"neve_meta_title_alignment":"","neve_meta_author_avatar":"","neve_post_elements_order":"","neve_meta_disable_header":"","neve_meta_disable_footer":"","neve_meta_disable_title":"","footnotes":""},"class_list":["post-329","page","type-page","status-publish","hentry"],"_links":{"self":[{"href":"https:\/\/www.atm.helsinki.fi\/turnee\/index.php\/wp-json\/wp\/v2\/pages\/329","targetHints":{"allow":["GET"]}}],"collection":[{"href":"https:\/\/www.atm.helsinki.fi\/turnee\/index.php\/wp-json\/wp\/v2\/pages"}],"about":[{"href":"https:\/\/www.atm.helsinki.fi\/turnee\/index.php\/wp-json\/wp\/v2\/types\/page"}],"author":[{"embeddable":true,"href":"https:\/\/www.atm.helsinki.fi\/turnee\/index.php\/wp-json\/wp\/v2\/users\/2"}],"replies":[{"embeddable":true,"href":"https:\/\/www.atm.helsinki.fi\/turnee\/index.php\/wp-json\/wp\/v2\/comments?post=329"}],"version-history":[{"count":11,"href":"https:\/\/www.atm.helsinki.fi\/turnee\/index.php\/wp-json\/wp\/v2\/pages\/329\/revisions"}],"predecessor-version":[{"id":352,"href":"https:\/\/www.atm.helsinki.fi\/turnee\/index.php\/wp-json\/wp\/v2\/pages\/329\/revisions\/352"}],"wp:attachment":[{"href":"https:\/\/www.atm.helsinki.fi\/turnee\/index.php\/wp-json\/wp\/v2\/media?parent=329"}],"curies":[{"name":"wp","href":"https:\/\/api.w.org\/{rel}","templated":true}]}}