{"id":5,"date":"2020-01-13T11:17:52","date_gmt":"2020-01-13T11:17:52","guid":{"rendered":"https:\/\/demosites.io\/web-agency-gb\/?page_id=5"},"modified":"2021-05-17T07:15:56","modified_gmt":"2021-05-17T07:15:56","slug":"15c42-web-agency-gb-home","status":"publish","type":"page","link":"https:\/\/www.atm.helsinki.fi\/turnee\/","title":{"rendered":"Home"},"content":{"rendered":"\n<div class=\"wp-block-cover alignfull has-background-dim\" style=\"min-height:700px;aspect-ratio:unset;\"><img loading=\"lazy\" decoding=\"async\" width=\"1333\" height=\"1000\" class=\"wp-block-cover__image-background wp-image-239\" alt=\"\" src=\"https:\/\/www.atm.helsinki.fi\/turnee\/wp-content\/uploads\/2021\/05\/kavelijat.jpg\" data-object-fit=\"cover\"\/><div class=\"wp-block-cover__inner-container is-layout-flow wp-block-cover-is-layout-flow\">\n<div style=\"height:80px\" aria-hidden=\"true\" class=\"wp-block-spacer\"><\/div>\n\n\n\n<h1 class=\"has-text-align-center has-neve-link-hover-color-color has-text-color wp-block-heading\"><small>Mets\u00e4t turvemailla \u2013 ratkaisuja p\u00e4\u00e4st\u00f6jen hillint\u00e4\u00e4n ja hiilinielujen kasvattamiseen<\/small><\/h1>\n\n\n\n<p class=\"has-text-align-center has-text-color\" style=\"color:#121212;font-size:17px\"><\/p>\n\n\n\n<div class=\"wp-block-buttons is-content-justification-center is-layout-flex wp-block-buttons-is-layout-flex\"><\/div>\n\n\n\n<div style=\"height:80px\" aria-hidden=\"true\" class=\"wp-block-spacer\"><\/div>\n\n\n\n<div style=\"height:80px\" aria-hidden=\"true\" class=\"wp-block-spacer\"><\/div>\n<\/div><\/div>\n\n\n\n<p><\/p>\n\n\n\n<p><\/p>\n\n\n\n<p>Suomi tavoittelee hiilineutraaliutta v. 2035. T\u00e4h\u00e4n vaaditaan paitsi p\u00e4\u00e4st\u00f6v\u00e4hennyksi\u00e4 my\u00f6s maank\u00e4yt\u00f6n kasvihuonekaasu (KHK) -nielujen vahvistamista.&nbsp; T\u00e4ss\u00e4 hankkeessa selvitet\u00e4\u00e4n uusien mittauksien ja mallinnuksen avulla, kuinka paljon maank\u00e4ytt\u00f6sektorin kasvihuonep\u00e4\u00e4st\u00f6j\u00e4 voidaan pienent\u00e4\u00e4 turvemailla kasvavien metsien k\u00e4sittelyyn ja sijaintiin vaikuttamalla. Arvioimme p\u00e4\u00e4st\u00f6v\u00e4hennyspotentiaalin, joka voidaan saavuttaa 1) ennallistamalla rehevi\u00e4 mets\u00e4ojitettuja soita, jotka ovat suuri p\u00e4\u00e4st\u00f6l\u00e4hde suuren pinta-alansa vuoksi, 2) metsitt\u00e4m\u00e4ll\u00e4 k\u00e4yt\u00f6st\u00e4 poistettavia suonpohjia, joita vapautuu enn\u00e4tysm\u00e4\u00e4r\u00e4 k\u00e4yt\u00f6st\u00e4 aivan l\u00e4hivuosina. Lis\u00e4ksi tarkastelemme suonpohjien ennallistamista. Otamme huomioon maank\u00e4yt\u00f6n ilmastovaikutusten lis\u00e4ksi my\u00f6s vesist\u00f6vaikutukset. Huomioimme elonkirjon mittaamalla ja mallittamalla vain sellaisia maank\u00e4yt\u00f6n muutoksia, jotka lis\u00e4\u00e4v\u00e4t elonkirjoa tai eiv\u00e4t ainakaan v\u00e4henn\u00e4 sit\u00e4. Hankkeessa perustetaan kaksi uutta intensiivimittausasemaa, joilla mitataan jatkuvatoimisesti ekosysteemin kasvihuonekaasujen vaihtoa. Mittauksia jatketaan muulla rahoituksella hankkeen j\u00e4lkeen. Toisella asemista mitataan kokonaisilmastovaikutuksia, ml. albedo sek\u00e4 ilmakeh\u00e4n haihtuvat h\u00f6yryt ja niist\u00e4 muodostuvat pienhiukkaset. Kyseess\u00e4 on maailman ensimm\u00e4inen t\u00e4llainen asema turvemaalla. Lis\u00e4ksi mittaamme kammioilla KHK-vaihtoa monilla eri-ik\u00e4isill\u00e4 metsitys- ja ennallistamiskohteilla, joilla mitataan my\u00f6s vesist\u00f6kuormitusta. Paikkatietoanalyysin tukemana mallinnamme toteuttamiskelpoisten maank\u00e4ytt\u00f6tapojen kokonaisilmasto- ja vesist\u00f6vaikutuksia sek\u00e4 maakunnan ett\u00e4 valtakunnan tasolla useita vuosikymmeni\u00e4 eteenp\u00e4in. Vuorovaikutamme tiiviisti keskeisten sidosryhmien kanssa ja tuotamme kipe\u00e4sti tarvittavaa tietoa ilmastoviisaasta turvemaiden k\u00e4yt\u00f6st\u00e4 mm. ELY-keskuksille, neuvontaorganisaatioille ja KHK-inventaarioon.&nbsp;&nbsp;<\/p>\n\n\n\n<p><\/p>\n\n\n\n<div class=\"wp-block-columns is-layout-flex wp-container-core-columns-is-layout-9d6595d7 wp-block-columns-is-layout-flex\">\n<div class=\"wp-block-column is-layout-flow wp-block-column-is-layout-flow\" style=\"flex-basis:33.34%\">\n<div class=\"wp-block-image\"><figure class=\"aligncenter size-large\"><img loading=\"lazy\" decoding=\"async\" width=\"286\" height=\"176\" src=\"https:\/\/www.atm.helsinki.fi\/turnee\/wp-content\/uploads\/2021\/05\/maatalous-metsatieteellinen.png\" alt=\"\" class=\"wp-image-273\"\/><\/figure><\/div>\n<\/div>\n\n\n\n<div class=\"wp-block-column is-layout-flow wp-block-column-is-layout-flow\" style=\"flex-basis:33.34%\">\n<div class=\"wp-block-image\"><figure class=\"aligncenter size-large\"><img loading=\"lazy\" decoding=\"async\" width=\"192\" height=\"83\" src=\"https:\/\/www.atm.helsinki.fi\/turnee\/wp-content\/uploads\/2021\/05\/small_INAR_logo_w_text_rgb.jpg\" alt=\"\" class=\"wp-image-250\"\/><\/figure><\/div>\n<\/div>\n\n\n\n<div class=\"wp-block-column is-layout-flow wp-block-column-is-layout-flow\" style=\"flex-basis:33.33%\">\n<div class=\"wp-block-image\"><figure class=\"aligncenter size-large\"><img loading=\"lazy\" decoding=\"async\" width=\"800\" height=\"300\" src=\"https:\/\/www.atm.helsinki.fi\/turnee\/wp-content\/uploads\/2021\/05\/ACCC-logo-white-theme-transparent-bg-banner-motto-1200px.png\" alt=\"\" class=\"wp-image-251\"\/><\/figure><\/div>\n\n\n\n<p><\/p>\n<\/div>\n<\/div>\n\n\n\n<div class=\"wp-block-columns is-layout-flex wp-container-core-columns-is-layout-9d6595d7 wp-block-columns-is-layout-flex\">\n<div class=\"wp-block-column is-layout-flow wp-block-column-is-layout-flow\" style=\"flex-basis:33.34%\">\n<figure class=\"wp-block-image size-large\"><img loading=\"lazy\" decoding=\"async\" width=\"440\" height=\"115\" src=\"https:\/\/www.atm.helsinki.fi\/turnee\/wp-content\/uploads\/2021\/05\/ilmatieteenlaitos.png\" alt=\"\" class=\"wp-image-252\"\/><\/figure>\n<\/div>\n\n\n\n<div class=\"wp-block-column is-layout-flow wp-block-column-is-layout-flow\" style=\"flex-basis:33.34%\">\n<figure class=\"wp-block-image size-large\"><img loading=\"lazy\" decoding=\"async\" width=\"416\" height=\"121\" src=\"https:\/\/www.atm.helsinki.fi\/turnee\/wp-content\/uploads\/2021\/05\/seinajoki.png\" alt=\"\" class=\"wp-image-253\"\/><\/figure>\n<\/div>\n\n\n\n<div class=\"wp-block-column is-layout-flow wp-block-column-is-layout-flow\" style=\"flex-basis:33.33%\">\n<div class=\"wp-block-image\"><figure class=\"aligncenter size-large\"><img loading=\"lazy\" decoding=\"async\" width=\"129\" height=\"134\" src=\"https:\/\/www.atm.helsinki.fi\/turnee\/wp-content\/uploads\/2021\/05\/oulu_m.png\" alt=\"\" class=\"wp-image-275\"\/><\/figure><\/div>\n\n\n\n<p><\/p>\n<\/div>\n<\/div>\n\n\n\n<div style=\"height:40px\" aria-hidden=\"true\" class=\"wp-block-spacer\"><\/div>\n\n\n\n<div class=\"wp-block-image\"><figure class=\"aligncenter size-large\"><img loading=\"lazy\" decoding=\"async\" width=\"411\" height=\"227\" src=\"https:\/\/www.atm.helsinki.fi\/turnee\/wp-content\/uploads\/2021\/05\/hiilesta-kiinni-logo3.png\" alt=\"\" class=\"wp-image-271\"\/><\/figure><\/div>\n","protected":false},"excerpt":{"rendered":"<p>Suomi tavoittelee hiilineutraaliutta v. 2035. T\u00e4h\u00e4n vaaditaan paitsi p\u00e4\u00e4st\u00f6v\u00e4hennyksi\u00e4 my\u00f6s maank\u00e4yt\u00f6n kasvihuonekaasu (KHK) -nielujen vahvistamista.&nbsp; T\u00e4ss\u00e4 hankkeessa selvitet\u00e4\u00e4n uusien mittauksien ja mallinnuksen avulla, kuinka paljon maank\u00e4ytt\u00f6sektorin kasvihuonep\u00e4\u00e4st\u00f6j\u00e4 voidaan pienent\u00e4\u00e4 turvemailla kasvavien metsien k\u00e4sittelyyn ja sijaintiin vaikuttamalla. Arvioimme p\u00e4\u00e4st\u00f6v\u00e4hennyspotentiaalin, joka voidaan saavuttaa 1) ennallistamalla rehevi\u00e4 mets\u00e4ojitettuja soita, jotka ovat suuri p\u00e4\u00e4st\u00f6l\u00e4hde suuren pinta-alansa vuoksi, 2) metsitt\u00e4m\u00e4ll\u00e4&hellip;&nbsp;<a href=\"https:\/\/www.atm.helsinki.fi\/turnee\/\" rel=\"bookmark\">Read More &raquo;<span class=\"screen-reader-text\">Home<\/span><\/a><\/p>\n","protected":false},"author":1,"featured_media":0,"parent":0,"menu_order":0,"comment_status":"closed","ping_status":"closed","template":"","meta":{"neve_meta_sidebar":"default","neve_meta_container":"default","neve_meta_enable_content_width":"on","neve_meta_content_width":100,"neve_meta_title_alignment":"","neve_meta_author_avatar":"","neve_post_elements_order":"","neve_meta_disable_header":"","neve_meta_disable_footer":"","neve_meta_disable_title":"on","footnotes":""},"class_list":["post-5","page","type-page","status-publish","hentry"],"_links":{"self":[{"href":"https:\/\/www.atm.helsinki.fi\/turnee\/index.php\/wp-json\/wp\/v2\/pages\/5","targetHints":{"allow":["GET"]}}],"collection":[{"href":"https:\/\/www.atm.helsinki.fi\/turnee\/index.php\/wp-json\/wp\/v2\/pages"}],"about":[{"href":"https:\/\/www.atm.helsinki.fi\/turnee\/index.php\/wp-json\/wp\/v2\/types\/page"}],"author":[{"embeddable":true,"href":"https:\/\/www.atm.helsinki.fi\/turnee\/index.php\/wp-json\/wp\/v2\/users\/1"}],"replies":[{"embeddable":true,"href":"https:\/\/www.atm.helsinki.fi\/turnee\/index.php\/wp-json\/wp\/v2\/comments?post=5"}],"version-history":[{"count":10,"href":"https:\/\/www.atm.helsinki.fi\/turnee\/index.php\/wp-json\/wp\/v2\/pages\/5\/revisions"}],"predecessor-version":[{"id":276,"href":"https:\/\/www.atm.helsinki.fi\/turnee\/index.php\/wp-json\/wp\/v2\/pages\/5\/revisions\/276"}],"wp:attachment":[{"href":"https:\/\/www.atm.helsinki.fi\/turnee\/index.php\/wp-json\/wp\/v2\/media?parent=5"}],"curies":[{"name":"wp","href":"https:\/\/api.w.org\/{rel}","templated":true}]}}